{"id":4523,"date":"2024-12-13T09:22:20","date_gmt":"2024-12-13T09:22:20","guid":{"rendered":"https:\/\/www.carinthiaconnect.at\/bambini-con-disabilita-elias\/"},"modified":"2025-12-19T08:35:51","modified_gmt":"2025-12-19T08:35:51","slug":"bambini-con-disabilita-elias","status":"publish","type":"page","link":"https:\/\/www.carinthiaconnect.at\/it\/bambini-con-disabilita-elias\/","title":{"rendered":"Bambini con disabilit\u00e0 &#8211; Elias"},"content":{"rendered":"\t\t<div data-elementor-type=\"wp-page\" data-elementor-id=\"4523\" class=\"elementor elementor-4523 elementor-3506\">\n\t\t\t\t<div class=\"elementor-element elementor-element-8aefbea e-flex e-con-boxed e-con e-parent\" data-id=\"8aefbea\" data-element_type=\"container\" data-e-type=\"container\">\n\t\t\t\t\t<div class=\"e-con-inner\">\n\t\t<div class=\"elementor-element elementor-element-312d564 e-con-full e-flex e-con e-child\" data-id=\"312d564\" data-element_type=\"container\" data-e-type=\"container\">\n\t\t\t\t<div class=\"elementor-element elementor-element-6e51023 elementor-widget elementor-widget-heading\" data-id=\"6e51023\" data-element_type=\"widget\" data-e-type=\"widget\" data-widget_type=\"heading.default\">\n\t\t\t\t<div class=\"elementor-widget-container\">\n\t\t\t\t\t<h1 class=\"elementor-heading-title elementor-size-default\">Progetto di aiuto: \u201cAiuto per bambini con disabilit\u00e0\u201d<\/h1>\t\t\t\t<\/div>\n\t\t\t\t<\/div>\n\t\t\t\t<div class=\"elementor-element elementor-element-29a95e6 elementor-widget elementor-widget-heading\" data-id=\"29a95e6\" data-element_type=\"widget\" data-e-type=\"widget\" data-widget_type=\"heading.default\">\n\t\t\t\t<div class=\"elementor-widget-container\">\n\t\t\t\t\t<h2 class=\"elementor-heading-title elementor-size-default\">\u201cAiutiamo a realizzare i desideri.\u201d<\/h2>\t\t\t\t<\/div>\n\t\t\t\t<\/div>\n\t\t\t\t<div class=\"elementor-element elementor-element-aae4596 elementor-widget elementor-widget-text-editor\" data-id=\"aae4596\" data-element_type=\"widget\" data-e-type=\"widget\" data-widget_type=\"text-editor.default\">\n\t\t\t\t<div class=\"elementor-widget-container\">\n\t\t\t\t\t\t\t\t\t<p>Il team di cure palliative pediatriche di Klagenfurt ci ha segnalato il caso speciale di <strong>Elias<\/strong> P., che ha trovato immediato sostegno nel nostro club.<\/p><p>Elias \u00e8 nato nel 2006 a Sankt Veit an der Glan. Gi\u00e0 alla nascita ci sono stati grossi problemi per il bambino e poco dopo gli \u00e8 stata diagnosticata la <strong>sindrome di Hallermann-Streiff<\/strong>.<br>La <strong>sindrome di Hallermann-Streiff (nota anche come malattia degli uccelli)<\/strong> \u00e8 una rara sindrome genetica caratterizzata principalmente da anomalie della testa e del viso come facies simile a un uccello, piccola mandibola, forma della testa insolita con fronte prominente, malformazioni dentali (ad es. mancanza di denti, denti congeniti, denti soprannumerari, ecc.). Anche varie malattie degli occhi (ad es. cataratta congenita, bulbi oculari piccoli, movimenti oculari rapidi) e retrazioni cutanee (soprattutto intorno al centro del viso e del naso) e la bassa statura sono effetti di questa malattia.  <\/p><p><strong>In tutto il mondo sono stati descritti circa 150 casi.<\/strong><\/p><p><strong>Elias ha gi\u00e0 dovuto subire una serie di operazioni.<\/strong><\/p><p>Elias, nonostante tutte le sue difficolt\u00e0 fisiche, \u00e8 un adolescente molto socievole e affabile. <strong>\u00c8 comunicativo, amichevole, paziente e onesto.<\/strong><\/p>\t\t\t\t\t\t\t\t<\/div>\n\t\t\t\t<\/div>\n\t\t\t\t<\/div>\n\t\t<div class=\"elementor-element elementor-element-ac57929 e-con-full e-flex e-con e-child\" data-id=\"ac57929\" data-element_type=\"container\" data-e-type=\"container\">\n\t\t\t\t<div class=\"elementor-element elementor-element-0f7e15a elementor-widget elementor-widget-image\" data-id=\"0f7e15a\" data-element_type=\"widget\" data-e-type=\"widget\" data-widget_type=\"image.default\">\n\t\t\t\t<div class=\"elementor-widget-container\">\n\t\t\t\t\t\t\t\t\t\t\t\t\t\t\t<img fetchpriority=\"high\" decoding=\"async\" width=\"757\" height=\"1010\" src=\"https:\/\/www.carinthiaconnect.at\/wp-content\/uploads\/2024\/12\/Elias.jpg\" class=\"attachment-medium_large size-medium_large wp-image-4398\" alt=\"Elias\" srcset=\"https:\/\/www.carinthiaconnect.at\/wp-content\/uploads\/2024\/12\/Elias.jpg 757w, https:\/\/www.carinthiaconnect.at\/wp-content\/uploads\/2024\/12\/Elias-225x300.jpg 225w\" sizes=\"(max-width: 757px) 100vw, 757px\" \/>\t\t\t\t\t\t\t\t\t\t\t\t\t\t\t<\/div>\n\t\t\t\t<\/div>\n\t\t\t\t<\/div>\n\t\t\t\t\t<\/div>\n\t\t\t\t<\/div>\n\t\t<div class=\"elementor-element elementor-element-634e40f e-flex e-con-boxed e-con e-parent\" data-id=\"634e40f\" data-element_type=\"container\" data-e-type=\"container\">\n\t\t\t\t\t<div class=\"e-con-inner\">\n\t\t\t\t<div class=\"elementor-element elementor-element-53ec30f elementor-widget elementor-widget-text-editor\" data-id=\"53ec30f\" data-element_type=\"widget\" data-e-type=\"widget\" data-widget_type=\"text-editor.default\">\n\t\t\t\t<div class=\"elementor-widget-container\">\n\t\t\t\t\t\t\t\t\t<p><strong>Il desiderio di Elias<\/strong><br>Elias \u00e8 costretto sulla sedia a rotelle e ha bisogno di supporto per <b>rimanere mobile<\/b> come un diciannovenne. <b>Per questo motivo, desidera ardentemente un aiuto per spingere la sedia a rotelle,<\/b> che possa portarlo in sicurezza nella sua vita quotidiana.<br>Questo costa circa <b>9.500 \u20ac, che vorremmo mettere a disposizione come club<\/b>. L&#8217;attrezzatura corrispondente \u00e8 gi\u00e0 stata ordinata. <\/p><p><strong>Vi preghiamo di aiutarci a sostenere i necessari mezzi finanziari e di donare a:<\/strong><\/p><p><strong>Bambini con disabilit\u00e0<br>IBAN: AT78 3200 0049 1165 7699<\/strong><\/p>\t\t\t\t\t\t\t\t<\/div>\n\t\t\t\t<\/div>\n\t\t\t\t<div class=\"elementor-element elementor-element-62a2eca elementor-align-center elementor-widget elementor-widget-button\" data-id=\"62a2eca\" data-element_type=\"widget\" data-e-type=\"widget\" data-widget_type=\"button.default\">\n\t\t\t\t<div class=\"elementor-widget-container\">\n\t\t\t\t\t\t\t\t\t<div class=\"elementor-button-wrapper\">\n\t\t\t\t\t<a class=\"elementor-button elementor-button-link elementor-size-sm\" href=\"https:\/\/www.carinthiaconnect.at\/hilfe-kinder-mit-handicap\/\">\n\t\t\t\t\t\t<span class=\"elementor-button-content-wrapper\">\n\t\t\t\t\t\t\t\t\t<span class=\"elementor-button-text\">Aiuta e dona <\/span>\n\t\t\t\t\t<\/span>\n\t\t\t\t\t<\/a>\n\t\t\t\t<\/div>\n\t\t\t\t\t\t\t\t<\/div>\n\t\t\t\t<\/div>\n\t\t\t\t\t<\/div>\n\t\t\t\t<\/div>\n\t\t\t\t<\/div>\n\t\t","protected":false},"excerpt":{"rendered":"<p>Progetto di aiuto: \u201cAiuto per bambini con disabilit\u00e0\u201d \u201cAiutiamo a realizzare i desideri.\u201d Il team di cure palliative pediatriche di Klagenfurt ci ha segnalato il caso speciale di Elias P., che ha trovato immediato sostegno nel nostro club. Elias \u00e8 nato nel 2006 a Sankt Veit an der Glan. Gi\u00e0 alla nascita ci sono stati [&hellip;]<\/p>\n","protected":false},"author":1,"featured_media":0,"parent":0,"menu_order":0,"comment_status":"closed","ping_status":"closed","template":"","meta":{"site-sidebar-layout":"no-sidebar","site-content-layout":"page-builder","ast-site-content-layout":"full-width-container","site-content-style":"default","site-sidebar-style":"default","ast-global-header-display":"","ast-banner-title-visibility":"","ast-main-header-display":"","ast-hfb-above-header-display":"","ast-hfb-below-header-display":"","ast-hfb-mobile-header-display":"","site-post-title":"disabled","ast-breadcrumbs-content":"","ast-featured-img":"disabled","footer-sml-layout":"","ast-disable-related-posts":"","theme-transparent-header-meta":"","adv-header-id-meta":"","stick-header-meta":"","header-above-stick-meta":"","header-main-stick-meta":"","header-below-stick-meta":"","astra-migrate-meta-layouts":"default","ast-page-background-enabled":"default","ast-page-background-meta":{"desktop":{"background-color":"","background-image":"","background-repeat":"repeat","background-position":"center center","background-size":"auto","background-attachment":"scroll","background-type":"","background-media":"","overlay-type":"","overlay-color":"","overlay-opacity":"","overlay-gradient":""},"tablet":{"background-color":"","background-image":"","background-repeat":"repeat","background-position":"center center","background-size":"auto","background-attachment":"scroll","background-type":"","background-media":"","overlay-type":"","overlay-color":"","overlay-opacity":"","overlay-gradient":""},"mobile":{"background-color":"","background-image":"","background-repeat":"repeat","background-position":"center center","background-size":"auto","background-attachment":"scroll","background-type":"","background-media":"","overlay-type":"","overlay-color":"","overlay-opacity":"","overlay-gradient":""}},"ast-content-background-meta":{"desktop":{"background-color":"var(--ast-global-color-5)","background-image":"","background-repeat":"repeat","background-position":"center center","background-size":"auto","background-attachment":"scroll","background-type":"","background-media":"","overlay-type":"","overlay-color":"","overlay-opacity":"","overlay-gradient":""},"tablet":{"background-color":"var(--ast-global-color-5)","background-image":"","background-repeat":"repeat","background-position":"center center","background-size":"auto","background-attachment":"scroll","background-type":"","background-media":"","overlay-type":"","overlay-color":"","overlay-opacity":"","overlay-gradient":""},"mobile":{"background-color":"var(--ast-global-color-5)","background-image":"","background-repeat":"repeat","background-position":"center center","background-size":"auto","background-attachment":"scroll","background-type":"","background-media":"","overlay-type":"","overlay-color":"","overlay-opacity":"","overlay-gradient":""}},"footnotes":""},"class_list":["post-4523","page","type-page","status-publish","hentry"],"yoast_head":"<!-- This site is optimized with the Yoast SEO plugin v26.6 - https:\/\/yoast.com\/wordpress\/plugins\/seo\/ -->\n<title>Bambini con disabilit\u00e0 - Elias - Rotary Club - Carinthia Connect<\/title>\n<meta name=\"robots\" content=\"index, follow, max-snippet:-1, max-image-preview:large, max-video-preview:-1\" \/>\n<link rel=\"canonical\" href=\"https:\/\/www.carinthiaconnect.at\/it\/bambini-con-disabilita-elias\/\" \/>\n<meta property=\"og:locale\" content=\"it_IT\" \/>\n<meta property=\"og:type\" content=\"article\" \/>\n<meta property=\"og:title\" content=\"Bambini con disabilit\u00e0 - Elias - Rotary Club - Carinthia Connect\" \/>\n<meta property=\"og:description\" content=\"Progetto di aiuto: \u201cAiuto per bambini con disabilit\u00e0\u201d \u201cAiutiamo a realizzare i desideri.\u201d Il team di cure palliative pediatriche di Klagenfurt ci ha segnalato il caso speciale di Elias P., che ha trovato immediato sostegno nel nostro club. Elias \u00e8 nato nel 2006 a Sankt Veit an der Glan. Gi\u00e0 alla nascita ci sono stati [&hellip;]\" \/>\n<meta property=\"og:url\" content=\"https:\/\/www.carinthiaconnect.at\/it\/bambini-con-disabilita-elias\/\" \/>\n<meta property=\"og:site_name\" content=\"Rotary Club - Carinthia Connect\" \/>\n<meta property=\"article:publisher\" content=\"https:\/\/www.facebook.com\/rotaryclubcarinthiaconnect\/\" \/>\n<meta property=\"article:modified_time\" content=\"2025-12-19T08:35:51+00:00\" \/>\n<meta property=\"og:image\" content=\"https:\/\/www.carinthiaconnect.at\/wp-content\/uploads\/2024\/12\/Elias.jpg\" \/>\n\t<meta property=\"og:image:width\" content=\"757\" \/>\n\t<meta property=\"og:image:height\" content=\"1010\" \/>\n\t<meta property=\"og:image:type\" content=\"image\/jpeg\" \/>\n<meta name=\"twitter:card\" content=\"summary_large_image\" \/>\n<meta name=\"twitter:label1\" content=\"Tempo di lettura stimato\" \/>\n\t<meta name=\"twitter:data1\" content=\"1 minuto\" \/>\n<script type=\"application\/ld+json\" class=\"yoast-schema-graph\">{\"@context\":\"https:\/\/schema.org\",\"@graph\":[{\"@type\":\"WebPage\",\"@id\":\"https:\/\/www.carinthiaconnect.at\/it\/bambini-con-disabilita-elias\/\",\"url\":\"https:\/\/www.carinthiaconnect.at\/it\/bambini-con-disabilita-elias\/\",\"name\":\"Bambini con disabilit\u00e0 - Elias - Rotary Club - Carinthia Connect\",\"isPartOf\":{\"@id\":\"https:\/\/www.carinthiaconnect.at\/it\/#website\"},\"primaryImageOfPage\":{\"@id\":\"https:\/\/www.carinthiaconnect.at\/it\/bambini-con-disabilita-elias\/#primaryimage\"},\"image\":{\"@id\":\"https:\/\/www.carinthiaconnect.at\/it\/bambini-con-disabilita-elias\/#primaryimage\"},\"thumbnailUrl\":\"https:\/\/www.carinthiaconnect.at\/wp-content\/uploads\/2024\/12\/Elias.jpg\",\"datePublished\":\"2024-12-13T09:22:20+00:00\",\"dateModified\":\"2025-12-19T08:35:51+00:00\",\"breadcrumb\":{\"@id\":\"https:\/\/www.carinthiaconnect.at\/it\/bambini-con-disabilita-elias\/#breadcrumb\"},\"inLanguage\":\"it-IT\",\"potentialAction\":[{\"@type\":\"ReadAction\",\"target\":[\"https:\/\/www.carinthiaconnect.at\/it\/bambini-con-disabilita-elias\/\"]}]},{\"@type\":\"ImageObject\",\"inLanguage\":\"it-IT\",\"@id\":\"https:\/\/www.carinthiaconnect.at\/it\/bambini-con-disabilita-elias\/#primaryimage\",\"url\":\"https:\/\/www.carinthiaconnect.at\/wp-content\/uploads\/2024\/12\/Elias.jpg\",\"contentUrl\":\"https:\/\/www.carinthiaconnect.at\/wp-content\/uploads\/2024\/12\/Elias.jpg\"},{\"@type\":\"BreadcrumbList\",\"@id\":\"https:\/\/www.carinthiaconnect.at\/it\/bambini-con-disabilita-elias\/#breadcrumb\",\"itemListElement\":[{\"@type\":\"ListItem\",\"position\":1,\"name\":\"Start\",\"item\":\"https:\/\/www.carinthiaconnect.at\/it\/\"},{\"@type\":\"ListItem\",\"position\":2,\"name\":\"Bambini con disabilit\u00e0 &#8211; Elias\"}]},{\"@type\":\"WebSite\",\"@id\":\"https:\/\/www.carinthiaconnect.at\/it\/#website\",\"url\":\"https:\/\/www.carinthiaconnect.at\/it\/\",\"name\":\"Rotary Club - Carinthia Connect\",\"description\":\"\",\"publisher\":{\"@id\":\"https:\/\/www.carinthiaconnect.at\/it\/#organization\"},\"potentialAction\":[{\"@type\":\"SearchAction\",\"target\":{\"@type\":\"EntryPoint\",\"urlTemplate\":\"https:\/\/www.carinthiaconnect.at\/it\/?s={search_term_string}\"},\"query-input\":{\"@type\":\"PropertyValueSpecification\",\"valueRequired\":true,\"valueName\":\"search_term_string\"}}],\"inLanguage\":\"it-IT\"},{\"@type\":\"Organization\",\"@id\":\"https:\/\/www.carinthiaconnect.at\/it\/#organization\",\"name\":\"Rotary Club - Carinthia Connect\",\"url\":\"https:\/\/www.carinthiaconnect.at\/it\/\",\"logo\":{\"@type\":\"ImageObject\",\"inLanguage\":\"it-IT\",\"@id\":\"https:\/\/www.carinthiaconnect.at\/it\/#\/schema\/logo\/image\/\",\"url\":\"https:\/\/www.carinthiaconnect.at\/wp-content\/uploads\/2025\/11\/Rotary-Logo.webp\",\"contentUrl\":\"https:\/\/www.carinthiaconnect.at\/wp-content\/uploads\/2025\/11\/Rotary-Logo.webp\",\"width\":887,\"height\":333,\"caption\":\"Rotary Club - Carinthia Connect\"},\"image\":{\"@id\":\"https:\/\/www.carinthiaconnect.at\/it\/#\/schema\/logo\/image\/\"},\"sameAs\":[\"https:\/\/www.facebook.com\/rotaryclubcarinthiaconnect\/\"]}]}<\/script>\n<!-- \/ Yoast SEO plugin. -->","yoast_head_json":{"title":"Bambini con disabilit\u00e0 - Elias - Rotary Club - Carinthia Connect","robots":{"index":"index","follow":"follow","max-snippet":"max-snippet:-1","max-image-preview":"max-image-preview:large","max-video-preview":"max-video-preview:-1"},"canonical":"https:\/\/www.carinthiaconnect.at\/it\/bambini-con-disabilita-elias\/","og_locale":"it_IT","og_type":"article","og_title":"Bambini con disabilit\u00e0 - Elias - Rotary Club - Carinthia Connect","og_description":"Progetto di aiuto: \u201cAiuto per bambini con disabilit\u00e0\u201d \u201cAiutiamo a realizzare i desideri.\u201d Il team di cure palliative pediatriche di Klagenfurt ci ha segnalato il caso speciale di Elias P., che ha trovato immediato sostegno nel nostro club. Elias \u00e8 nato nel 2006 a Sankt Veit an der Glan. Gi\u00e0 alla nascita ci sono stati [&hellip;]","og_url":"https:\/\/www.carinthiaconnect.at\/it\/bambini-con-disabilita-elias\/","og_site_name":"Rotary Club - Carinthia Connect","article_publisher":"https:\/\/www.facebook.com\/rotaryclubcarinthiaconnect\/","article_modified_time":"2025-12-19T08:35:51+00:00","og_image":[{"width":757,"height":1010,"url":"https:\/\/www.carinthiaconnect.at\/wp-content\/uploads\/2024\/12\/Elias.jpg","type":"image\/jpeg"}],"twitter_card":"summary_large_image","twitter_misc":{"Tempo di lettura stimato":"1 minuto"},"schema":{"@context":"https:\/\/schema.org","@graph":[{"@type":"WebPage","@id":"https:\/\/www.carinthiaconnect.at\/it\/bambini-con-disabilita-elias\/","url":"https:\/\/www.carinthiaconnect.at\/it\/bambini-con-disabilita-elias\/","name":"Bambini con disabilit\u00e0 - Elias - Rotary Club - Carinthia Connect","isPartOf":{"@id":"https:\/\/www.carinthiaconnect.at\/it\/#website"},"primaryImageOfPage":{"@id":"https:\/\/www.carinthiaconnect.at\/it\/bambini-con-disabilita-elias\/#primaryimage"},"image":{"@id":"https:\/\/www.carinthiaconnect.at\/it\/bambini-con-disabilita-elias\/#primaryimage"},"thumbnailUrl":"https:\/\/www.carinthiaconnect.at\/wp-content\/uploads\/2024\/12\/Elias.jpg","datePublished":"2024-12-13T09:22:20+00:00","dateModified":"2025-12-19T08:35:51+00:00","breadcrumb":{"@id":"https:\/\/www.carinthiaconnect.at\/it\/bambini-con-disabilita-elias\/#breadcrumb"},"inLanguage":"it-IT","potentialAction":[{"@type":"ReadAction","target":["https:\/\/www.carinthiaconnect.at\/it\/bambini-con-disabilita-elias\/"]}]},{"@type":"ImageObject","inLanguage":"it-IT","@id":"https:\/\/www.carinthiaconnect.at\/it\/bambini-con-disabilita-elias\/#primaryimage","url":"https:\/\/www.carinthiaconnect.at\/wp-content\/uploads\/2024\/12\/Elias.jpg","contentUrl":"https:\/\/www.carinthiaconnect.at\/wp-content\/uploads\/2024\/12\/Elias.jpg"},{"@type":"BreadcrumbList","@id":"https:\/\/www.carinthiaconnect.at\/it\/bambini-con-disabilita-elias\/#breadcrumb","itemListElement":[{"@type":"ListItem","position":1,"name":"Start","item":"https:\/\/www.carinthiaconnect.at\/it\/"},{"@type":"ListItem","position":2,"name":"Bambini con disabilit\u00e0 &#8211; Elias"}]},{"@type":"WebSite","@id":"https:\/\/www.carinthiaconnect.at\/it\/#website","url":"https:\/\/www.carinthiaconnect.at\/it\/","name":"Rotary Club - Carinthia Connect","description":"","publisher":{"@id":"https:\/\/www.carinthiaconnect.at\/it\/#organization"},"potentialAction":[{"@type":"SearchAction","target":{"@type":"EntryPoint","urlTemplate":"https:\/\/www.carinthiaconnect.at\/it\/?s={search_term_string}"},"query-input":{"@type":"PropertyValueSpecification","valueRequired":true,"valueName":"search_term_string"}}],"inLanguage":"it-IT"},{"@type":"Organization","@id":"https:\/\/www.carinthiaconnect.at\/it\/#organization","name":"Rotary Club - Carinthia Connect","url":"https:\/\/www.carinthiaconnect.at\/it\/","logo":{"@type":"ImageObject","inLanguage":"it-IT","@id":"https:\/\/www.carinthiaconnect.at\/it\/#\/schema\/logo\/image\/","url":"https:\/\/www.carinthiaconnect.at\/wp-content\/uploads\/2025\/11\/Rotary-Logo.webp","contentUrl":"https:\/\/www.carinthiaconnect.at\/wp-content\/uploads\/2025\/11\/Rotary-Logo.webp","width":887,"height":333,"caption":"Rotary Club - Carinthia Connect"},"image":{"@id":"https:\/\/www.carinthiaconnect.at\/it\/#\/schema\/logo\/image\/"},"sameAs":["https:\/\/www.facebook.com\/rotaryclubcarinthiaconnect\/"]}]}},"_links":{"self":[{"href":"https:\/\/www.carinthiaconnect.at\/it\/wp-json\/wp\/v2\/pages\/4523","targetHints":{"allow":["GET"]}}],"collection":[{"href":"https:\/\/www.carinthiaconnect.at\/it\/wp-json\/wp\/v2\/pages"}],"about":[{"href":"https:\/\/www.carinthiaconnect.at\/it\/wp-json\/wp\/v2\/types\/page"}],"author":[{"embeddable":true,"href":"https:\/\/www.carinthiaconnect.at\/it\/wp-json\/wp\/v2\/users\/1"}],"replies":[{"embeddable":true,"href":"https:\/\/www.carinthiaconnect.at\/it\/wp-json\/wp\/v2\/comments?post=4523"}],"version-history":[{"count":1,"href":"https:\/\/www.carinthiaconnect.at\/it\/wp-json\/wp\/v2\/pages\/4523\/revisions"}],"predecessor-version":[{"id":4524,"href":"https:\/\/www.carinthiaconnect.at\/it\/wp-json\/wp\/v2\/pages\/4523\/revisions\/4524"}],"wp:attachment":[{"href":"https:\/\/www.carinthiaconnect.at\/it\/wp-json\/wp\/v2\/media?parent=4523"}],"curies":[{"name":"wp","href":"https:\/\/api.w.org\/{rel}","templated":true}]}}