{"id":4426,"date":"2024-09-15T15:32:38","date_gmt":"2024-09-15T15:32:38","guid":{"rendered":"https:\/\/www.carinthiaconnect.at\/camphill-liebenfels\/"},"modified":"2025-12-19T08:33:13","modified_gmt":"2025-12-19T08:33:13","slug":"camphill-liebenfels","status":"publish","type":"page","link":"https:\/\/www.carinthiaconnect.at\/sl\/camphill-liebenfels\/","title":{"rendered":"Camphill Liebenfels"},"content":{"rendered":"\t\t<div data-elementor-type=\"wp-page\" data-elementor-id=\"4426\" class=\"elementor elementor-4426 elementor-2489\">\n\t\t\t\t<div class=\"elementor-element elementor-element-3fcd872 e-flex e-con-boxed e-con e-parent\" data-id=\"3fcd872\" data-element_type=\"container\" data-e-type=\"container\">\n\t\t\t\t\t<div class=\"e-con-inner\">\n\t\t<div class=\"elementor-element elementor-element-5b93950 e-con-full e-flex e-con e-child\" data-id=\"5b93950\" data-element_type=\"container\" data-e-type=\"container\">\n\t\t\t\t<div class=\"elementor-element elementor-element-8eb41a8 elementor-widget elementor-widget-heading\" data-id=\"8eb41a8\" data-element_type=\"widget\" data-e-type=\"widget\" data-widget_type=\"heading.default\">\n\t\t\t\t<div class=\"elementor-widget-container\">\n\t\t\t\t\t<h1 class=\"elementor-heading-title elementor-size-default\">Dobrodelni projekt \u201eCamp Hill\u201c \u2013 Ne pustimo jih za sabo!<\/h1>\t\t\t\t<\/div>\n\t\t\t\t<\/div>\n\t\t\t\t<div class=\"elementor-element elementor-element-2298d6c elementor-widget elementor-widget-text-editor\" data-id=\"2298d6c\" data-element_type=\"widget\" data-e-type=\"widget\" data-widget_type=\"text-editor.default\">\n\t\t\t\t<div class=\"elementor-widget-container\">\n\t\t\t\t\t\t\t\t\t<p>Odlo\u010dili smo se, da bomo za\u010deli projekt <strong>\u201eNe pustimo jih za sabo\u201c<\/strong>.<\/p><p>V projektu gre za <b>Camphill Liebenfels,<\/b> neprofitno dru\u0161tvo, ki od leta 1976 na treh lokacijah ponuja bivalne in zaposlitvene mo\u017enosti osebam z motnjami v du\u0161evnem razvoju. <b>Pokajo po \u0161ivih<\/b> in bivalni prostori ve\u010dinoma niso brez ovir. Prizidek naj bi pomagal in dolgoro\u010dno izbolj\u0161al situacijo z ustvarjanjem novih bivalnih prostorov brez ovir. Osebe z invalidnostmi se starajo in Camphill si je zadal nalogo, da jih spremlja, dokler je to mogo\u010de.   <\/p>\t\t\t\t\t\t\t\t<\/div>\n\t\t\t\t<\/div>\n\t\t\t\t<\/div>\n\t\t<div class=\"elementor-element elementor-element-0d8a083 e-con-full e-flex e-con e-child\" data-id=\"0d8a083\" data-element_type=\"container\" data-e-type=\"container\">\n\t\t\t\t<div class=\"elementor-element elementor-element-6550426 elementor-invisible elementor-widget elementor-widget-video\" data-id=\"6550426\" data-element_type=\"widget\" data-e-type=\"widget\" data-settings=\"{&quot;video_type&quot;:&quot;hosted&quot;,&quot;_animation&quot;:&quot;fadeInDown&quot;,&quot;controls&quot;:&quot;yes&quot;}\" data-widget_type=\"video.default\">\n\t\t\t\t<div class=\"elementor-widget-container\">\n\t\t\t\t\t\t\t<div class=\"e-hosted-video elementor-wrapper elementor-open-inline\">\n\t\t\t\t\t<video class=\"elementor-video\" src=\"https:\/\/www.carinthiaconnect.at\/wp-content\/uploads\/2024\/10\/I-2024-0021_Charity_Rotary_Web.mp4\" controls=\"\" preload=\"metadata\" controlsList=\"nodownload\" poster=\"https:\/\/www.carinthiaconnect.at\/wp-content\/uploads\/2024\/09\/CAMPHILL_LIEBENFELS.jpeg\"><\/video>\n\t\t\t\t<\/div>\n\t\t\t\t\t\t<\/div>\n\t\t\t\t<\/div>\n\t\t\t\t<div class=\"elementor-element elementor-element-79e7856 elementor-widget elementor-widget-text-editor\" data-id=\"79e7856\" data-element_type=\"widget\" data-e-type=\"widget\" data-widget_type=\"text-editor.default\">\n\t\t\t\t<div class=\"elementor-widget-container\">\n\t\t\t\t\t\t\t\t\t<p><strong>Pomagajte nam pri tem!<\/strong><\/p><p>In \u017eelimo pomembno prispevati k temu, <strong>da se ta prizidek lahko uresni\u010di<\/strong> in da lahko ljudje, ki delno \u017ee ve\u010d kot 40 let \u017eivijo v Camphillu, <strong>tudi tam dostojno pre\u017eivijo starost.<\/strong><\/p>\t\t\t\t\t\t\t\t<\/div>\n\t\t\t\t<\/div>\n\t\t\t\t<\/div>\n\t\t\t\t\t<\/div>\n\t\t\t\t<\/div>\n\t\t<div class=\"elementor-element elementor-element-1a83564 e-flex e-con-boxed e-con e-parent\" data-id=\"1a83564\" data-element_type=\"container\" data-e-type=\"container\">\n\t\t\t\t\t<div class=\"e-con-inner\">\n\t\t\t\t<div class=\"elementor-element elementor-element-5eb658e elementor-align-center elementor-widget elementor-widget-button\" data-id=\"5eb658e\" data-element_type=\"widget\" data-e-type=\"widget\" data-widget_type=\"button.default\">\n\t\t\t\t<div class=\"elementor-widget-container\">\n\t\t\t\t\t\t\t\t\t<div class=\"elementor-button-wrapper\">\n\t\t\t\t\t<a class=\"elementor-button elementor-button-link elementor-size-sm\" href=\"https:\/\/www.carinthiaconnect.at\/spenden-camp-hill\/\">\n\t\t\t\t\t\t<span class=\"elementor-button-content-wrapper\">\n\t\t\t\t\t\t\t\t\t<span class=\"elementor-button-text\">Pomagajte in darujte<\/span>\n\t\t\t\t\t<\/span>\n\t\t\t\t\t<\/a>\n\t\t\t\t<\/div>\n\t\t\t\t\t\t\t\t<\/div>\n\t\t\t\t<\/div>\n\t\t\t\t\t<\/div>\n\t\t\t\t<\/div>\n\t\t\t\t<\/div>\n\t\t","protected":false},"excerpt":{"rendered":"<p>Dobrodelni projekt \u201eCamp Hill\u201c \u2013 Ne pustimo jih za sabo! Odlo\u010dili smo se, da bomo za\u010deli projekt \u201eNe pustimo jih za sabo\u201c. V projektu gre za Camphill Liebenfels, neprofitno dru\u0161tvo, ki od leta 1976 na treh lokacijah ponuja bivalne in zaposlitvene mo\u017enosti osebam z motnjami v du\u0161evnem razvoju. Pokajo po \u0161ivih in bivalni prostori ve\u010dinoma [&hellip;]<\/p>\n","protected":false},"author":1,"featured_media":0,"parent":0,"menu_order":0,"comment_status":"closed","ping_status":"closed","template":"","meta":{"site-sidebar-layout":"no-sidebar","site-content-layout":"page-builder","ast-site-content-layout":"full-width-container","site-content-style":"default","site-sidebar-style":"default","ast-global-header-display":"","ast-banner-title-visibility":"","ast-main-header-display":"","ast-hfb-above-header-display":"","ast-hfb-below-header-display":"","ast-hfb-mobile-header-display":"","site-post-title":"disabled","ast-breadcrumbs-content":"","ast-featured-img":"disabled","footer-sml-layout":"","ast-disable-related-posts":"","theme-transparent-header-meta":"","adv-header-id-meta":"","stick-header-meta":"","header-above-stick-meta":"","header-main-stick-meta":"","header-below-stick-meta":"","astra-migrate-meta-layouts":"default","ast-page-background-enabled":"default","ast-page-background-meta":{"desktop":{"background-color":"","background-image":"","background-repeat":"repeat","background-position":"center center","background-size":"auto","background-attachment":"scroll","background-type":"","background-media":"","overlay-type":"","overlay-color":"","overlay-opacity":"","overlay-gradient":""},"tablet":{"background-color":"","background-image":"","background-repeat":"repeat","background-position":"center center","background-size":"auto","background-attachment":"scroll","background-type":"","background-media":"","overlay-type":"","overlay-color":"","overlay-opacity":"","overlay-gradient":""},"mobile":{"background-color":"","background-image":"","background-repeat":"repeat","background-position":"center center","background-size":"auto","background-attachment":"scroll","background-type":"","background-media":"","overlay-type":"","overlay-color":"","overlay-opacity":"","overlay-gradient":""}},"ast-content-background-meta":{"desktop":{"background-color":"var(--ast-global-color-5)","background-image":"","background-repeat":"repeat","background-position":"center center","background-size":"auto","background-attachment":"scroll","background-type":"","background-media":"","overlay-type":"","overlay-color":"","overlay-opacity":"","overlay-gradient":""},"tablet":{"background-color":"var(--ast-global-color-5)","background-image":"","background-repeat":"repeat","background-position":"center center","background-size":"auto","background-attachment":"scroll","background-type":"","background-media":"","overlay-type":"","overlay-color":"","overlay-opacity":"","overlay-gradient":""},"mobile":{"background-color":"var(--ast-global-color-5)","background-image":"","background-repeat":"repeat","background-position":"center center","background-size":"auto","background-attachment":"scroll","background-type":"","background-media":"","overlay-type":"","overlay-color":"","overlay-opacity":"","overlay-gradient":""}},"footnotes":""},"class_list":["post-4426","page","type-page","status-publish","hentry"],"yoast_head":"<!-- This site is optimized with the Yoast SEO plugin v26.6 - https:\/\/yoast.com\/wordpress\/plugins\/seo\/ -->\n<title>Camphill Liebenfels - Rotary Club - Carinthia Connect<\/title>\n<meta name=\"robots\" content=\"index, follow, max-snippet:-1, max-image-preview:large, max-video-preview:-1\" \/>\n<link rel=\"canonical\" href=\"https:\/\/www.carinthiaconnect.at\/sl\/camphill-liebenfels\/\" \/>\n<meta property=\"og:locale\" content=\"sl_SI\" \/>\n<meta property=\"og:type\" content=\"article\" \/>\n<meta property=\"og:title\" content=\"Camphill Liebenfels - Rotary Club - Carinthia Connect\" \/>\n<meta property=\"og:description\" content=\"Dobrodelni projekt \u201eCamp Hill\u201c \u2013 Ne pustimo jih za sabo! Odlo\u010dili smo se, da bomo za\u010deli projekt \u201eNe pustimo jih za sabo\u201c. V projektu gre za Camphill Liebenfels, neprofitno dru\u0161tvo, ki od leta 1976 na treh lokacijah ponuja bivalne in zaposlitvene mo\u017enosti osebam z motnjami v du\u0161evnem razvoju. Pokajo po \u0161ivih in bivalni prostori ve\u010dinoma [&hellip;]\" \/>\n<meta property=\"og:url\" content=\"https:\/\/www.carinthiaconnect.at\/sl\/camphill-liebenfels\/\" \/>\n<meta property=\"og:site_name\" content=\"Rotary Club - Carinthia Connect\" \/>\n<meta property=\"article:publisher\" content=\"https:\/\/www.facebook.com\/rotaryclubcarinthiaconnect\/\" \/>\n<meta property=\"article:modified_time\" content=\"2025-12-19T08:33:13+00:00\" \/>\n<meta name=\"twitter:card\" content=\"summary_large_image\" \/>\n<meta name=\"twitter:label1\" content=\"Est. reading time\" \/>\n\t<meta name=\"twitter:data1\" content=\"1 minuta\" \/>\n<script type=\"application\/ld+json\" class=\"yoast-schema-graph\">{\"@context\":\"https:\/\/schema.org\",\"@graph\":[{\"@type\":\"WebPage\",\"@id\":\"https:\/\/www.carinthiaconnect.at\/sl\/camphill-liebenfels\/\",\"url\":\"https:\/\/www.carinthiaconnect.at\/sl\/camphill-liebenfels\/\",\"name\":\"Camphill Liebenfels - Rotary Club - Carinthia Connect\",\"isPartOf\":{\"@id\":\"https:\/\/www.carinthiaconnect.at\/sl\/#website\"},\"datePublished\":\"2024-09-15T15:32:38+00:00\",\"dateModified\":\"2025-12-19T08:33:13+00:00\",\"breadcrumb\":{\"@id\":\"https:\/\/www.carinthiaconnect.at\/sl\/camphill-liebenfels\/#breadcrumb\"},\"inLanguage\":\"sl-SI\",\"potentialAction\":[{\"@type\":\"ReadAction\",\"target\":[\"https:\/\/www.carinthiaconnect.at\/sl\/camphill-liebenfels\/\"]}]},{\"@type\":\"BreadcrumbList\",\"@id\":\"https:\/\/www.carinthiaconnect.at\/sl\/camphill-liebenfels\/#breadcrumb\",\"itemListElement\":[{\"@type\":\"ListItem\",\"position\":1,\"name\":\"Start\",\"item\":\"https:\/\/www.carinthiaconnect.at\/sl\/\"},{\"@type\":\"ListItem\",\"position\":2,\"name\":\"Camphill Liebenfels\"}]},{\"@type\":\"WebSite\",\"@id\":\"https:\/\/www.carinthiaconnect.at\/sl\/#website\",\"url\":\"https:\/\/www.carinthiaconnect.at\/sl\/\",\"name\":\"Rotary Club - Carinthia Connect\",\"description\":\"\",\"publisher\":{\"@id\":\"https:\/\/www.carinthiaconnect.at\/sl\/#organization\"},\"potentialAction\":[{\"@type\":\"SearchAction\",\"target\":{\"@type\":\"EntryPoint\",\"urlTemplate\":\"https:\/\/www.carinthiaconnect.at\/sl\/?s={search_term_string}\"},\"query-input\":{\"@type\":\"PropertyValueSpecification\",\"valueRequired\":true,\"valueName\":\"search_term_string\"}}],\"inLanguage\":\"sl-SI\"},{\"@type\":\"Organization\",\"@id\":\"https:\/\/www.carinthiaconnect.at\/sl\/#organization\",\"name\":\"Rotary Club - Carinthia Connect\",\"url\":\"https:\/\/www.carinthiaconnect.at\/sl\/\",\"logo\":{\"@type\":\"ImageObject\",\"inLanguage\":\"sl-SI\",\"@id\":\"https:\/\/www.carinthiaconnect.at\/sl\/#\/schema\/logo\/image\/\",\"url\":\"https:\/\/www.carinthiaconnect.at\/wp-content\/uploads\/2025\/11\/Rotary-Logo.webp\",\"contentUrl\":\"https:\/\/www.carinthiaconnect.at\/wp-content\/uploads\/2025\/11\/Rotary-Logo.webp\",\"width\":887,\"height\":333,\"caption\":\"Rotary Club - Carinthia Connect\"},\"image\":{\"@id\":\"https:\/\/www.carinthiaconnect.at\/sl\/#\/schema\/logo\/image\/\"},\"sameAs\":[\"https:\/\/www.facebook.com\/rotaryclubcarinthiaconnect\/\"]}]}<\/script>\n<!-- \/ Yoast SEO plugin. -->","yoast_head_json":{"title":"Camphill Liebenfels - Rotary Club - Carinthia Connect","robots":{"index":"index","follow":"follow","max-snippet":"max-snippet:-1","max-image-preview":"max-image-preview:large","max-video-preview":"max-video-preview:-1"},"canonical":"https:\/\/www.carinthiaconnect.at\/sl\/camphill-liebenfels\/","og_locale":"sl_SI","og_type":"article","og_title":"Camphill Liebenfels - Rotary Club - Carinthia Connect","og_description":"Dobrodelni projekt \u201eCamp Hill\u201c \u2013 Ne pustimo jih za sabo! Odlo\u010dili smo se, da bomo za\u010deli projekt \u201eNe pustimo jih za sabo\u201c. V projektu gre za Camphill Liebenfels, neprofitno dru\u0161tvo, ki od leta 1976 na treh lokacijah ponuja bivalne in zaposlitvene mo\u017enosti osebam z motnjami v du\u0161evnem razvoju. Pokajo po \u0161ivih in bivalni prostori ve\u010dinoma [&hellip;]","og_url":"https:\/\/www.carinthiaconnect.at\/sl\/camphill-liebenfels\/","og_site_name":"Rotary Club - Carinthia Connect","article_publisher":"https:\/\/www.facebook.com\/rotaryclubcarinthiaconnect\/","article_modified_time":"2025-12-19T08:33:13+00:00","twitter_card":"summary_large_image","twitter_misc":{"Est. reading time":"1 minuta"},"schema":{"@context":"https:\/\/schema.org","@graph":[{"@type":"WebPage","@id":"https:\/\/www.carinthiaconnect.at\/sl\/camphill-liebenfels\/","url":"https:\/\/www.carinthiaconnect.at\/sl\/camphill-liebenfels\/","name":"Camphill Liebenfels - Rotary Club - Carinthia Connect","isPartOf":{"@id":"https:\/\/www.carinthiaconnect.at\/sl\/#website"},"datePublished":"2024-09-15T15:32:38+00:00","dateModified":"2025-12-19T08:33:13+00:00","breadcrumb":{"@id":"https:\/\/www.carinthiaconnect.at\/sl\/camphill-liebenfels\/#breadcrumb"},"inLanguage":"sl-SI","potentialAction":[{"@type":"ReadAction","target":["https:\/\/www.carinthiaconnect.at\/sl\/camphill-liebenfels\/"]}]},{"@type":"BreadcrumbList","@id":"https:\/\/www.carinthiaconnect.at\/sl\/camphill-liebenfels\/#breadcrumb","itemListElement":[{"@type":"ListItem","position":1,"name":"Start","item":"https:\/\/www.carinthiaconnect.at\/sl\/"},{"@type":"ListItem","position":2,"name":"Camphill Liebenfels"}]},{"@type":"WebSite","@id":"https:\/\/www.carinthiaconnect.at\/sl\/#website","url":"https:\/\/www.carinthiaconnect.at\/sl\/","name":"Rotary Club - Carinthia Connect","description":"","publisher":{"@id":"https:\/\/www.carinthiaconnect.at\/sl\/#organization"},"potentialAction":[{"@type":"SearchAction","target":{"@type":"EntryPoint","urlTemplate":"https:\/\/www.carinthiaconnect.at\/sl\/?s={search_term_string}"},"query-input":{"@type":"PropertyValueSpecification","valueRequired":true,"valueName":"search_term_string"}}],"inLanguage":"sl-SI"},{"@type":"Organization","@id":"https:\/\/www.carinthiaconnect.at\/sl\/#organization","name":"Rotary Club - Carinthia Connect","url":"https:\/\/www.carinthiaconnect.at\/sl\/","logo":{"@type":"ImageObject","inLanguage":"sl-SI","@id":"https:\/\/www.carinthiaconnect.at\/sl\/#\/schema\/logo\/image\/","url":"https:\/\/www.carinthiaconnect.at\/wp-content\/uploads\/2025\/11\/Rotary-Logo.webp","contentUrl":"https:\/\/www.carinthiaconnect.at\/wp-content\/uploads\/2025\/11\/Rotary-Logo.webp","width":887,"height":333,"caption":"Rotary Club - Carinthia Connect"},"image":{"@id":"https:\/\/www.carinthiaconnect.at\/sl\/#\/schema\/logo\/image\/"},"sameAs":["https:\/\/www.facebook.com\/rotaryclubcarinthiaconnect\/"]}]}},"_links":{"self":[{"href":"https:\/\/www.carinthiaconnect.at\/sl\/wp-json\/wp\/v2\/pages\/4426","targetHints":{"allow":["GET"]}}],"collection":[{"href":"https:\/\/www.carinthiaconnect.at\/sl\/wp-json\/wp\/v2\/pages"}],"about":[{"href":"https:\/\/www.carinthiaconnect.at\/sl\/wp-json\/wp\/v2\/types\/page"}],"author":[{"embeddable":true,"href":"https:\/\/www.carinthiaconnect.at\/sl\/wp-json\/wp\/v2\/users\/1"}],"replies":[{"embeddable":true,"href":"https:\/\/www.carinthiaconnect.at\/sl\/wp-json\/wp\/v2\/comments?post=4426"}],"version-history":[{"count":1,"href":"https:\/\/www.carinthiaconnect.at\/sl\/wp-json\/wp\/v2\/pages\/4426\/revisions"}],"predecessor-version":[{"id":4432,"href":"https:\/\/www.carinthiaconnect.at\/sl\/wp-json\/wp\/v2\/pages\/4426\/revisions\/4432"}],"wp:attachment":[{"href":"https:\/\/www.carinthiaconnect.at\/sl\/wp-json\/wp\/v2\/media?parent=4426"}],"curies":[{"name":"wp","href":"https:\/\/api.w.org\/{rel}","templated":true}]}}