{"id":4475,"date":"2024-09-12T16:58:49","date_gmt":"2024-09-12T16:58:49","guid":{"rendered":"https:\/\/www.carinthiaconnect.at\/domov\/"},"modified":"2025-12-19T08:33:38","modified_gmt":"2025-12-19T08:33:38","slug":"domov","status":"publish","type":"page","link":"https:\/\/www.carinthiaconnect.at\/sl\/domov\/","title":{"rendered":"Domov"},"content":{"rendered":"\t\t<div data-elementor-type=\"wp-page\" data-elementor-id=\"4475\" class=\"elementor elementor-4475 elementor-2445\">\n\t\t\t\t<div class=\"elementor-element elementor-element-3a50b79 e-flex e-con-boxed e-con e-parent\" data-id=\"3a50b79\" data-element_type=\"container\" data-e-type=\"container\">\n\t\t\t\t\t<div class=\"e-con-inner\">\n\t\t\t\t<div class=\"elementor-element elementor-element-4fdee0a elementor-widget elementor-widget-heading\" data-id=\"4fdee0a\" data-element_type=\"widget\" data-e-type=\"widget\" data-widget_type=\"heading.default\">\n\t\t\t\t<div class=\"elementor-widget-container\">\n\t\t\t\t\t<h1 class=\"elementor-heading-title elementor-size-default\">Carinthia Connect<\/h1>\t\t\t\t<\/div>\n\t\t\t\t<\/div>\n\t\t\t\t\t<\/div>\n\t\t\t\t<\/div>\n\t\t<div class=\"elementor-element elementor-element-7622456 e-flex e-con-boxed e-con e-parent\" data-id=\"7622456\" data-element_type=\"container\" data-e-type=\"container\">\n\t\t\t\t\t<div class=\"e-con-inner\">\n\t\t\t\t<div class=\"elementor-element elementor-element-cf1a10a elementor-widget elementor-widget-text-editor\" data-id=\"cf1a10a\" data-element_type=\"widget\" data-e-type=\"widget\" data-widget_type=\"text-editor.default\">\n\t\t\t\t<div class=\"elementor-widget-container\">\n\t\t\t\t\t\t\t\t\t<p>Rotary je mednarodna organizacija servisnih klubov, v katerih se redno sre\u010dujejo pripadniki razli\u010dnih poklicev, da bi negovali prijateljstvo in pripravljenost pomagati v vsakdanjem \u017eivljenju.<\/p><p>Kot prva storitvena organizacija na svetu je Rotary slu\u017eil drugim kot vzor in ima danes pribli\u017eno 1,2 milijona \u010dlanov v ve\u010d kot 35.000 klubih v ve\u010d kot 200 dr\u017eavah.<\/p><p>V Avstriji so rotarijci in rotarijke organizirani v distriktih 1910 in 1920: Skupaj razvijamo in uresni\u010dujemo ideje, da bi v na\u0161ih skupnostih prispevali pozitivno in delovali preko meja.<\/p>\t\t\t\t\t\t\t\t<\/div>\n\t\t\t\t<\/div>\n\t\t\t\t\t<\/div>\n\t\t\t\t<\/div>\n\t\t<div class=\"elementor-element elementor-element-1463477 e-grid e-con-boxed e-con e-parent\" data-id=\"1463477\" data-element_type=\"container\" data-e-type=\"container\">\n\t\t\t\t\t<div class=\"e-con-inner\">\n\t\t<div class=\"elementor-element elementor-element-9e5075e e-grid e-con-full e-con e-child\" data-id=\"9e5075e\" data-element_type=\"container\" data-e-type=\"container\">\n\t\t<div class=\"elementor-element elementor-element-853fbe3 e-con-full e-flex e-con e-child\" data-id=\"853fbe3\" data-element_type=\"container\" data-e-type=\"container\">\n\t\t\t\t<div class=\"elementor-element elementor-element-8cce9d2 elementor-widget__width-inherit elementor-widget elementor-widget-image\" data-id=\"8cce9d2\" data-element_type=\"widget\" data-e-type=\"widget\" data-widget_type=\"image.default\">\n\t\t\t\t<div class=\"elementor-widget-container\">\n\t\t\t\t\t\t\t\t\t\t\t\t\t\t\t<img fetchpriority=\"high\" decoding=\"async\" width=\"1024\" height=\"768\" src=\"https:\/\/www.carinthiaconnect.at\/wp-content\/uploads\/2024\/10\/Ausflug-Pyramidenkogel-III.webp\" class=\"attachment-full size-full wp-image-4482\" alt=\"\" srcset=\"https:\/\/www.carinthiaconnect.at\/wp-content\/uploads\/2024\/10\/Ausflug-Pyramidenkogel-III.webp 1024w, https:\/\/www.carinthiaconnect.at\/wp-content\/uploads\/2024\/10\/Ausflug-Pyramidenkogel-III-300x225.webp 300w, https:\/\/www.carinthiaconnect.at\/wp-content\/uploads\/2024\/10\/Ausflug-Pyramidenkogel-III-768x576.webp 768w\" sizes=\"(max-width: 1024px) 100vw, 1024px\" \/>\t\t\t\t\t\t\t\t\t\t\t\t\t\t\t<\/div>\n\t\t\t\t<\/div>\n\t\t\t\t<div class=\"elementor-element elementor-element-9e12c50 elementor-widget elementor-widget-heading\" data-id=\"9e12c50\" data-element_type=\"widget\" data-e-type=\"widget\" data-widget_type=\"heading.default\">\n\t\t\t\t<div class=\"elementor-widget-container\">\n\t\t\t\t\t<h2 class=\"elementor-heading-title elementor-size-default\">O Carinthia Connect<\/h2>\t\t\t\t<\/div>\n\t\t\t\t<\/div>\n\t\t\t\t<div class=\"elementor-element elementor-element-1831a00 elementor-widget elementor-widget-text-editor\" data-id=\"1831a00\" data-element_type=\"widget\" data-e-type=\"widget\" data-widget_type=\"text-editor.default\">\n\t\t\t\t<div class=\"elementor-widget-container\">\n\t\t\t\t\t\t\t\t\t<p>Rotary klub Carinthia Connect iz Celovca je eden izmed ve\u010d kot 35.000 Rotary klubov po svetu. Zavzemamo se za pravi\u010dnej\u0161i svet, pomagamo v na\u0161i regiji in se pri tem zabavamo. \u010ce vas zanima Rotary, vas bomo veseli.  <\/p>\t\t\t\t\t\t\t\t<\/div>\n\t\t\t\t<\/div>\n\t\t\t\t<div class=\"elementor-element elementor-element-01e9c10 elementor-widget elementor-widget-button\" data-id=\"01e9c10\" data-element_type=\"widget\" data-e-type=\"widget\" data-widget_type=\"button.default\">\n\t\t\t\t<div class=\"elementor-widget-container\">\n\t\t\t\t\t\t\t\t\t<div class=\"elementor-button-wrapper\">\n\t\t\t\t\t<a class=\"elementor-button elementor-button-link elementor-size-sm\" href=\"https:\/\/www.carinthiaconnect.at\/kontakt\/\">\n\t\t\t\t\t\t<span class=\"elementor-button-content-wrapper\">\n\t\t\t\t\t\t\t\t\t<span class=\"elementor-button-text\">Kontaktni obrazec<\/span>\n\t\t\t\t\t<\/span>\n\t\t\t\t\t<\/a>\n\t\t\t\t<\/div>\n\t\t\t\t\t\t\t\t<\/div>\n\t\t\t\t<\/div>\n\t\t\t\t<\/div>\n\t\t\t\t<\/div>\n\t\t<div class=\"elementor-element elementor-element-afc8549 e-grid e-con-full e-con e-child\" data-id=\"afc8549\" data-element_type=\"container\" data-e-type=\"container\">\n\t\t<div class=\"elementor-element elementor-element-a33de2c e-con-full e-flex e-con e-child\" data-id=\"a33de2c\" data-element_type=\"container\" data-e-type=\"container\">\n\t\t\t\t<div class=\"elementor-element elementor-element-68feb1e elementor-widget__width-inherit elementor-widget elementor-widget-image\" data-id=\"68feb1e\" data-element_type=\"widget\" data-e-type=\"widget\" data-widget_type=\"image.default\">\n\t\t\t\t<div class=\"elementor-widget-container\">\n\t\t\t\t\t\t\t\t\t\t\t\t\t\t\t<img decoding=\"async\" width=\"1024\" height=\"768\" src=\"https:\/\/www.carinthiaconnect.at\/wp-content\/uploads\/2024\/10\/Neues-Projekt-1.webp\" class=\"attachment-full size-full wp-image-4480\" alt=\"\" srcset=\"https:\/\/www.carinthiaconnect.at\/wp-content\/uploads\/2024\/10\/Neues-Projekt-1.webp 1024w, https:\/\/www.carinthiaconnect.at\/wp-content\/uploads\/2024\/10\/Neues-Projekt-1-300x225.webp 300w, https:\/\/www.carinthiaconnect.at\/wp-content\/uploads\/2024\/10\/Neues-Projekt-1-768x576.webp 768w\" sizes=\"(max-width: 1024px) 100vw, 1024px\" \/>\t\t\t\t\t\t\t\t\t\t\t\t\t\t\t<\/div>\n\t\t\t\t<\/div>\n\t\t\t\t<div class=\"elementor-element elementor-element-85d0691 elementor-widget elementor-widget-heading\" data-id=\"85d0691\" data-element_type=\"widget\" data-e-type=\"widget\" data-widget_type=\"heading.default\">\n\t\t\t\t<div class=\"elementor-widget-container\">\n\t\t\t\t\t<h2 class=\"elementor-heading-title elementor-size-default\">Dobrodelni projekt <br>Camp Hill<\/h2>\t\t\t\t<\/div>\n\t\t\t\t<\/div>\n\t\t\t\t<div class=\"elementor-element elementor-element-91d94d6 elementor-widget elementor-widget-text-editor\" data-id=\"91d94d6\" data-element_type=\"widget\" data-e-type=\"widget\" data-widget_type=\"text-editor.default\">\n\t\t\t\t<div class=\"elementor-widget-container\">\n\t\t\t\t\t\t\t\t\t<p>Pod naslovom \u201eNe pustimo jih za sabo\u201c podpiramo Camphill, neprofitno ustanovo, ki ljudem z ovirami nudi dom. Na\u0161 projekt naj bi pomagal izbolj\u0161ati bivalne razmere za stanovalce.  <\/p>\t\t\t\t\t\t\t\t<\/div>\n\t\t\t\t<\/div>\n\t\t\t\t<div class=\"elementor-element elementor-element-7cbe6b4 elementor-widget elementor-widget-button\" data-id=\"7cbe6b4\" data-element_type=\"widget\" data-e-type=\"widget\" data-widget_type=\"button.default\">\n\t\t\t\t<div class=\"elementor-widget-container\">\n\t\t\t\t\t\t\t\t\t<div class=\"elementor-button-wrapper\">\n\t\t\t\t\t<a class=\"elementor-button elementor-button-link elementor-size-sm\" href=\"https:\/\/www.carinthiaconnect.at\/sl\/camphill-liebenfels\/\">\n\t\t\t\t\t\t<span class=\"elementor-button-content-wrapper\">\n\t\t\t\t\t\t\t\t\t<span class=\"elementor-button-text\">Preberi ve\u010d<\/span>\n\t\t\t\t\t<\/span>\n\t\t\t\t\t<\/a>\n\t\t\t\t<\/div>\n\t\t\t\t\t\t\t\t<\/div>\n\t\t\t\t<\/div>\n\t\t\t\t<\/div>\n\t\t\t\t<\/div>\n\t\t<div class=\"elementor-element elementor-element-fab9e52 e-grid e-con-full e-con e-child\" data-id=\"fab9e52\" data-element_type=\"container\" data-e-type=\"container\">\n\t\t<div class=\"elementor-element elementor-element-d8f1d6c e-con-full e-flex e-con e-child\" data-id=\"d8f1d6c\" data-element_type=\"container\" data-e-type=\"container\">\n\t\t\t\t<div class=\"elementor-element elementor-element-c7b9563 elementor-widget__width-inherit elementor-widget elementor-widget-image\" data-id=\"c7b9563\" data-element_type=\"widget\" data-e-type=\"widget\" data-widget_type=\"image.default\">\n\t\t\t\t<div class=\"elementor-widget-container\">\n\t\t\t\t\t\t\t\t\t\t\t\t\t\t\t<img decoding=\"async\" width=\"289\" height=\"300\" src=\"https:\/\/www.carinthiaconnect.at\/wp-content\/uploads\/2025\/10\/fbb103d4-ada1-4f0f-99f6-ac9f76196a7a-289x300.jpg\" class=\"attachment-medium size-medium wp-image-4481\" alt=\"\" srcset=\"https:\/\/www.carinthiaconnect.at\/wp-content\/uploads\/2025\/10\/fbb103d4-ada1-4f0f-99f6-ac9f76196a7a-289x300.jpg 289w, https:\/\/www.carinthiaconnect.at\/wp-content\/uploads\/2025\/10\/fbb103d4-ada1-4f0f-99f6-ac9f76196a7a.jpg 730w\" sizes=\"(max-width: 289px) 100vw, 289px\" \/>\t\t\t\t\t\t\t\t\t\t\t\t\t\t\t<\/div>\n\t\t\t\t<\/div>\n\t\t\t\t<div class=\"elementor-element elementor-element-787224b elementor-widget elementor-widget-heading\" data-id=\"787224b\" data-element_type=\"widget\" data-e-type=\"widget\" data-widget_type=\"heading.default\">\n\t\t\t\t<div class=\"elementor-widget-container\">\n\t\t\t\t\t<h2 class=\"elementor-heading-title elementor-size-default\">Dobrodelni projekt \u2013 Pomo\u010d otrokom s posebnimi potrebami<\/h2>\t\t\t\t<\/div>\n\t\t\t\t<\/div>\n\t\t\t\t<div class=\"elementor-element elementor-element-a6bdca0 elementor-widget elementor-widget-text-editor\" data-id=\"a6bdca0\" data-element_type=\"widget\" data-e-type=\"widget\" data-widget_type=\"text-editor.default\">\n\t\t\t\t<div class=\"elementor-widget-container\">\n\t\t\t\t\t\t\t\t\t<p>Carinthia Connect podpira koro\u0161ke otroke z du\u0161evnimi ali telesnimi posebnimi potrebami. Te dru\u017eine so pod ogromnim psihi\u010dnim, \u010dasovnim in finan\u010dnim pritiskom. Pomagamo otrokom, kot je mladi Elias.  <\/p>\t\t\t\t\t\t\t\t<\/div>\n\t\t\t\t<\/div>\n\t\t\t\t<div class=\"elementor-element elementor-element-0bf2dc3 elementor-widget elementor-widget-button\" data-id=\"0bf2dc3\" data-element_type=\"widget\" data-e-type=\"widget\" data-widget_type=\"button.default\">\n\t\t\t\t<div class=\"elementor-widget-container\">\n\t\t\t\t\t\t\t\t\t<div class=\"elementor-button-wrapper\">\n\t\t\t\t\t<a class=\"elementor-button elementor-button-link elementor-size-sm\" href=\"https:\/\/www.carinthiaconnect.at\/kinder-mit-handicap-elias\/\">\n\t\t\t\t\t\t<span class=\"elementor-button-content-wrapper\">\n\t\t\t\t\t\t\t\t\t<span class=\"elementor-button-text\">Preberi ve\u010d<\/span>\n\t\t\t\t\t<\/span>\n\t\t\t\t\t<\/a>\n\t\t\t\t<\/div>\n\t\t\t\t\t\t\t\t<\/div>\n\t\t\t\t<\/div>\n\t\t\t\t<\/div>\n\t\t\t\t<\/div>\n\t\t\t\t\t<\/div>\n\t\t\t\t<\/div>\n\t\t<div class=\"elementor-element elementor-element-ea104da e-flex e-con-boxed e-con e-parent\" data-id=\"ea104da\" data-element_type=\"container\" data-e-type=\"container\">\n\t\t\t\t\t<div class=\"e-con-inner\">\n\t\t\t\t<div class=\"elementor-element elementor-element-78ee04f animated-slow elementor-invisible elementor-widget elementor-widget-image\" data-id=\"78ee04f\" data-element_type=\"widget\" data-e-type=\"widget\" data-settings=\"{&quot;_animation&quot;:&quot;fadeInDown&quot;}\" data-widget_type=\"image.default\">\n\t\t\t\t<div class=\"elementor-widget-container\">\n\t\t\t\t\t\t\t\t\t\t\t\t\t\t\t<img loading=\"lazy\" decoding=\"async\" width=\"768\" height=\"646\" src=\"https:\/\/www.carinthiaconnect.at\/wp-content\/uploads\/2024\/09\/Ueberblick_mit_Pyramiedenkogel-768x646.png\" class=\"attachment-medium_large size-medium_large wp-image-4477\" alt=\"\" srcset=\"https:\/\/www.carinthiaconnect.at\/wp-content\/uploads\/2024\/09\/Ueberblick_mit_Pyramiedenkogel-768x646.png 768w, https:\/\/www.carinthiaconnect.at\/wp-content\/uploads\/2024\/09\/Ueberblick_mit_Pyramiedenkogel-300x252.png 300w, https:\/\/www.carinthiaconnect.at\/wp-content\/uploads\/2024\/09\/Ueberblick_mit_Pyramiedenkogel-1024x861.png 1024w, https:\/\/www.carinthiaconnect.at\/wp-content\/uploads\/2024\/09\/Ueberblick_mit_Pyramiedenkogel.png 1043w\" sizes=\"(max-width: 768px) 100vw, 768px\" \/>\t\t\t\t\t\t\t\t\t\t\t\t\t\t\t<\/div>\n\t\t\t\t<\/div>\n\t\t\t\t\t<\/div>\n\t\t\t\t<\/div>\n\t\t\t\t<\/div>\n\t\t","protected":false},"excerpt":{"rendered":"<p>Carinthia Connect Rotary je mednarodna organizacija servisnih klubov, v katerih se redno sre\u010dujejo pripadniki razli\u010dnih poklicev, da bi negovali prijateljstvo in pripravljenost pomagati v vsakdanjem \u017eivljenju. Kot prva storitvena organizacija na svetu je Rotary slu\u017eil drugim kot vzor in ima danes pribli\u017eno 1,2 milijona \u010dlanov v ve\u010d kot 35.000 klubih v ve\u010d kot 200 dr\u017eavah. [&hellip;]<\/p>\n","protected":false},"author":1,"featured_media":0,"parent":0,"menu_order":0,"comment_status":"closed","ping_status":"closed","template":"","meta":{"site-sidebar-layout":"no-sidebar","site-content-layout":"page-builder","ast-site-content-layout":"full-width-container","site-content-style":"default","site-sidebar-style":"default","ast-global-header-display":"","ast-banner-title-visibility":"","ast-main-header-display":"","ast-hfb-above-header-display":"","ast-hfb-below-header-display":"","ast-hfb-mobile-header-display":"","site-post-title":"disabled","ast-breadcrumbs-content":"","ast-featured-img":"disabled","footer-sml-layout":"","ast-disable-related-posts":"","theme-transparent-header-meta":"","adv-header-id-meta":"","stick-header-meta":"","header-above-stick-meta":"","header-main-stick-meta":"","header-below-stick-meta":"","astra-migrate-meta-layouts":"default","ast-page-background-enabled":"default","ast-page-background-meta":{"desktop":{"background-color":"","background-image":"","background-repeat":"repeat","background-position":"center center","background-size":"auto","background-attachment":"scroll","background-type":"","background-media":"","overlay-type":"","overlay-color":"","overlay-opacity":"","overlay-gradient":""},"tablet":{"background-color":"","background-image":"","background-repeat":"repeat","background-position":"center center","background-size":"auto","background-attachment":"scroll","background-type":"","background-media":"","overlay-type":"","overlay-color":"","overlay-opacity":"","overlay-gradient":""},"mobile":{"background-color":"","background-image":"","background-repeat":"repeat","background-position":"center center","background-size":"auto","background-attachment":"scroll","background-type":"","background-media":"","overlay-type":"","overlay-color":"","overlay-opacity":"","overlay-gradient":""}},"ast-content-background-meta":{"desktop":{"background-color":"var(--ast-global-color-5)","background-image":"","background-repeat":"repeat","background-position":"center center","background-size":"auto","background-attachment":"scroll","background-type":"","background-media":"","overlay-type":"","overlay-color":"","overlay-opacity":"","overlay-gradient":""},"tablet":{"background-color":"var(--ast-global-color-5)","background-image":"","background-repeat":"repeat","background-position":"center center","background-size":"auto","background-attachment":"scroll","background-type":"","background-media":"","overlay-type":"","overlay-color":"","overlay-opacity":"","overlay-gradient":""},"mobile":{"background-color":"var(--ast-global-color-5)","background-image":"","background-repeat":"repeat","background-position":"center center","background-size":"auto","background-attachment":"scroll","background-type":"","background-media":"","overlay-type":"","overlay-color":"","overlay-opacity":"","overlay-gradient":""}},"footnotes":""},"class_list":["post-4475","page","type-page","status-publish","hentry"],"yoast_head":"<!-- This site is optimized with the Yoast SEO plugin v26.6 - https:\/\/yoast.com\/wordpress\/plugins\/seo\/ -->\n<title>Domov - Rotary Club - Carinthia Connect<\/title>\n<meta name=\"robots\" content=\"index, follow, max-snippet:-1, max-image-preview:large, max-video-preview:-1\" \/>\n<link rel=\"canonical\" href=\"https:\/\/www.carinthiaconnect.at\/sl\/domov\/\" \/>\n<meta property=\"og:locale\" content=\"sl_SI\" \/>\n<meta property=\"og:type\" content=\"article\" \/>\n<meta property=\"og:title\" content=\"Domov - Rotary Club - Carinthia Connect\" \/>\n<meta property=\"og:description\" content=\"Carinthia Connect Rotary je mednarodna organizacija servisnih klubov, v katerih se redno sre\u010dujejo pripadniki razli\u010dnih poklicev, da bi negovali prijateljstvo in pripravljenost pomagati v vsakdanjem \u017eivljenju. Kot prva storitvena organizacija na svetu je Rotary slu\u017eil drugim kot vzor in ima danes pribli\u017eno 1,2 milijona \u010dlanov v ve\u010d kot 35.000 klubih v ve\u010d kot 200 dr\u017eavah. [&hellip;]\" \/>\n<meta property=\"og:url\" content=\"https:\/\/www.carinthiaconnect.at\/sl\/domov\/\" \/>\n<meta property=\"og:site_name\" content=\"Rotary Club - Carinthia Connect\" \/>\n<meta property=\"article:publisher\" content=\"https:\/\/www.facebook.com\/rotaryclubcarinthiaconnect\/\" \/>\n<meta property=\"article:modified_time\" content=\"2025-12-19T08:33:38+00:00\" \/>\n<meta property=\"og:image\" content=\"https:\/\/www.carinthiaconnect.at\/wp-content\/uploads\/2024\/10\/Ausflug-Pyramidenkogel-III.webp\" \/>\n\t<meta property=\"og:image:width\" content=\"1024\" \/>\n\t<meta property=\"og:image:height\" content=\"768\" \/>\n\t<meta property=\"og:image:type\" content=\"image\/webp\" \/>\n<meta name=\"twitter:card\" content=\"summary_large_image\" \/>\n<meta name=\"twitter:label1\" content=\"Est. reading time\" \/>\n\t<meta name=\"twitter:data1\" content=\"1 minuta\" \/>\n<script type=\"application\/ld+json\" class=\"yoast-schema-graph\">{\"@context\":\"https:\/\/schema.org\",\"@graph\":[{\"@type\":\"WebPage\",\"@id\":\"https:\/\/www.carinthiaconnect.at\/sl\/domov\/\",\"url\":\"https:\/\/www.carinthiaconnect.at\/sl\/domov\/\",\"name\":\"Domov - Rotary Club - Carinthia Connect\",\"isPartOf\":{\"@id\":\"https:\/\/www.carinthiaconnect.at\/sl\/#website\"},\"primaryImageOfPage\":{\"@id\":\"https:\/\/www.carinthiaconnect.at\/sl\/domov\/#primaryimage\"},\"image\":{\"@id\":\"https:\/\/www.carinthiaconnect.at\/sl\/domov\/#primaryimage\"},\"thumbnailUrl\":\"https:\/\/www.carinthiaconnect.at\/wp-content\/uploads\/2024\/10\/Ausflug-Pyramidenkogel-III.webp\",\"datePublished\":\"2024-09-12T16:58:49+00:00\",\"dateModified\":\"2025-12-19T08:33:38+00:00\",\"breadcrumb\":{\"@id\":\"https:\/\/www.carinthiaconnect.at\/sl\/domov\/#breadcrumb\"},\"inLanguage\":\"sl-SI\",\"potentialAction\":[{\"@type\":\"ReadAction\",\"target\":[\"https:\/\/www.carinthiaconnect.at\/sl\/domov\/\"]}]},{\"@type\":\"ImageObject\",\"inLanguage\":\"sl-SI\",\"@id\":\"https:\/\/www.carinthiaconnect.at\/sl\/domov\/#primaryimage\",\"url\":\"https:\/\/www.carinthiaconnect.at\/wp-content\/uploads\/2024\/10\/Ausflug-Pyramidenkogel-III.webp\",\"contentUrl\":\"https:\/\/www.carinthiaconnect.at\/wp-content\/uploads\/2024\/10\/Ausflug-Pyramidenkogel-III.webp\"},{\"@type\":\"BreadcrumbList\",\"@id\":\"https:\/\/www.carinthiaconnect.at\/sl\/domov\/#breadcrumb\",\"itemListElement\":[{\"@type\":\"ListItem\",\"position\":1,\"name\":\"Start\",\"item\":\"https:\/\/www.carinthiaconnect.at\/sl\/\"},{\"@type\":\"ListItem\",\"position\":2,\"name\":\"Domov\"}]},{\"@type\":\"WebSite\",\"@id\":\"https:\/\/www.carinthiaconnect.at\/sl\/#website\",\"url\":\"https:\/\/www.carinthiaconnect.at\/sl\/\",\"name\":\"Rotary Club - Carinthia Connect\",\"description\":\"\",\"publisher\":{\"@id\":\"https:\/\/www.carinthiaconnect.at\/sl\/#organization\"},\"potentialAction\":[{\"@type\":\"SearchAction\",\"target\":{\"@type\":\"EntryPoint\",\"urlTemplate\":\"https:\/\/www.carinthiaconnect.at\/sl\/?s={search_term_string}\"},\"query-input\":{\"@type\":\"PropertyValueSpecification\",\"valueRequired\":true,\"valueName\":\"search_term_string\"}}],\"inLanguage\":\"sl-SI\"},{\"@type\":\"Organization\",\"@id\":\"https:\/\/www.carinthiaconnect.at\/sl\/#organization\",\"name\":\"Rotary Club - Carinthia Connect\",\"url\":\"https:\/\/www.carinthiaconnect.at\/sl\/\",\"logo\":{\"@type\":\"ImageObject\",\"inLanguage\":\"sl-SI\",\"@id\":\"https:\/\/www.carinthiaconnect.at\/sl\/#\/schema\/logo\/image\/\",\"url\":\"https:\/\/www.carinthiaconnect.at\/wp-content\/uploads\/2025\/11\/Rotary-Logo.webp\",\"contentUrl\":\"https:\/\/www.carinthiaconnect.at\/wp-content\/uploads\/2025\/11\/Rotary-Logo.webp\",\"width\":887,\"height\":333,\"caption\":\"Rotary Club - Carinthia Connect\"},\"image\":{\"@id\":\"https:\/\/www.carinthiaconnect.at\/sl\/#\/schema\/logo\/image\/\"},\"sameAs\":[\"https:\/\/www.facebook.com\/rotaryclubcarinthiaconnect\/\"]}]}<\/script>\n<!-- \/ Yoast SEO plugin. -->","yoast_head_json":{"title":"Domov - Rotary Club - Carinthia Connect","robots":{"index":"index","follow":"follow","max-snippet":"max-snippet:-1","max-image-preview":"max-image-preview:large","max-video-preview":"max-video-preview:-1"},"canonical":"https:\/\/www.carinthiaconnect.at\/sl\/domov\/","og_locale":"sl_SI","og_type":"article","og_title":"Domov - Rotary Club - Carinthia Connect","og_description":"Carinthia Connect Rotary je mednarodna organizacija servisnih klubov, v katerih se redno sre\u010dujejo pripadniki razli\u010dnih poklicev, da bi negovali prijateljstvo in pripravljenost pomagati v vsakdanjem \u017eivljenju. Kot prva storitvena organizacija na svetu je Rotary slu\u017eil drugim kot vzor in ima danes pribli\u017eno 1,2 milijona \u010dlanov v ve\u010d kot 35.000 klubih v ve\u010d kot 200 dr\u017eavah. [&hellip;]","og_url":"https:\/\/www.carinthiaconnect.at\/sl\/domov\/","og_site_name":"Rotary Club - Carinthia Connect","article_publisher":"https:\/\/www.facebook.com\/rotaryclubcarinthiaconnect\/","article_modified_time":"2025-12-19T08:33:38+00:00","og_image":[{"width":1024,"height":768,"url":"https:\/\/www.carinthiaconnect.at\/wp-content\/uploads\/2024\/10\/Ausflug-Pyramidenkogel-III.webp","type":"image\/webp"}],"twitter_card":"summary_large_image","twitter_misc":{"Est. reading time":"1 minuta"},"schema":{"@context":"https:\/\/schema.org","@graph":[{"@type":"WebPage","@id":"https:\/\/www.carinthiaconnect.at\/sl\/domov\/","url":"https:\/\/www.carinthiaconnect.at\/sl\/domov\/","name":"Domov - Rotary Club - Carinthia Connect","isPartOf":{"@id":"https:\/\/www.carinthiaconnect.at\/sl\/#website"},"primaryImageOfPage":{"@id":"https:\/\/www.carinthiaconnect.at\/sl\/domov\/#primaryimage"},"image":{"@id":"https:\/\/www.carinthiaconnect.at\/sl\/domov\/#primaryimage"},"thumbnailUrl":"https:\/\/www.carinthiaconnect.at\/wp-content\/uploads\/2024\/10\/Ausflug-Pyramidenkogel-III.webp","datePublished":"2024-09-12T16:58:49+00:00","dateModified":"2025-12-19T08:33:38+00:00","breadcrumb":{"@id":"https:\/\/www.carinthiaconnect.at\/sl\/domov\/#breadcrumb"},"inLanguage":"sl-SI","potentialAction":[{"@type":"ReadAction","target":["https:\/\/www.carinthiaconnect.at\/sl\/domov\/"]}]},{"@type":"ImageObject","inLanguage":"sl-SI","@id":"https:\/\/www.carinthiaconnect.at\/sl\/domov\/#primaryimage","url":"https:\/\/www.carinthiaconnect.at\/wp-content\/uploads\/2024\/10\/Ausflug-Pyramidenkogel-III.webp","contentUrl":"https:\/\/www.carinthiaconnect.at\/wp-content\/uploads\/2024\/10\/Ausflug-Pyramidenkogel-III.webp"},{"@type":"BreadcrumbList","@id":"https:\/\/www.carinthiaconnect.at\/sl\/domov\/#breadcrumb","itemListElement":[{"@type":"ListItem","position":1,"name":"Start","item":"https:\/\/www.carinthiaconnect.at\/sl\/"},{"@type":"ListItem","position":2,"name":"Domov"}]},{"@type":"WebSite","@id":"https:\/\/www.carinthiaconnect.at\/sl\/#website","url":"https:\/\/www.carinthiaconnect.at\/sl\/","name":"Rotary Club - Carinthia Connect","description":"","publisher":{"@id":"https:\/\/www.carinthiaconnect.at\/sl\/#organization"},"potentialAction":[{"@type":"SearchAction","target":{"@type":"EntryPoint","urlTemplate":"https:\/\/www.carinthiaconnect.at\/sl\/?s={search_term_string}"},"query-input":{"@type":"PropertyValueSpecification","valueRequired":true,"valueName":"search_term_string"}}],"inLanguage":"sl-SI"},{"@type":"Organization","@id":"https:\/\/www.carinthiaconnect.at\/sl\/#organization","name":"Rotary Club - Carinthia Connect","url":"https:\/\/www.carinthiaconnect.at\/sl\/","logo":{"@type":"ImageObject","inLanguage":"sl-SI","@id":"https:\/\/www.carinthiaconnect.at\/sl\/#\/schema\/logo\/image\/","url":"https:\/\/www.carinthiaconnect.at\/wp-content\/uploads\/2025\/11\/Rotary-Logo.webp","contentUrl":"https:\/\/www.carinthiaconnect.at\/wp-content\/uploads\/2025\/11\/Rotary-Logo.webp","width":887,"height":333,"caption":"Rotary Club - Carinthia Connect"},"image":{"@id":"https:\/\/www.carinthiaconnect.at\/sl\/#\/schema\/logo\/image\/"},"sameAs":["https:\/\/www.facebook.com\/rotaryclubcarinthiaconnect\/"]}]}},"_links":{"self":[{"href":"https:\/\/www.carinthiaconnect.at\/sl\/wp-json\/wp\/v2\/pages\/4475","targetHints":{"allow":["GET"]}}],"collection":[{"href":"https:\/\/www.carinthiaconnect.at\/sl\/wp-json\/wp\/v2\/pages"}],"about":[{"href":"https:\/\/www.carinthiaconnect.at\/sl\/wp-json\/wp\/v2\/types\/page"}],"author":[{"embeddable":true,"href":"https:\/\/www.carinthiaconnect.at\/sl\/wp-json\/wp\/v2\/users\/1"}],"replies":[{"embeddable":true,"href":"https:\/\/www.carinthiaconnect.at\/sl\/wp-json\/wp\/v2\/comments?post=4475"}],"version-history":[{"count":1,"href":"https:\/\/www.carinthiaconnect.at\/sl\/wp-json\/wp\/v2\/pages\/4475\/revisions"}],"predecessor-version":[{"id":4484,"href":"https:\/\/www.carinthiaconnect.at\/sl\/wp-json\/wp\/v2\/pages\/4475\/revisions\/4484"}],"wp:attachment":[{"href":"https:\/\/www.carinthiaconnect.at\/sl\/wp-json\/wp\/v2\/media?parent=4475"}],"curies":[{"name":"wp","href":"https:\/\/api.w.org\/{rel}","templated":true}]}}