{"id":4492,"date":"2024-10-25T14:22:01","date_gmt":"2024-10-25T14:22:01","guid":{"rendered":"https:\/\/www.carinthiaconnect.at\/projekt-pomoci-poplave-v-gegendtalu\/"},"modified":"2025-12-19T08:34:00","modified_gmt":"2025-12-19T08:34:00","slug":"projekt-pomoci-poplave-v-gegendtalu","status":"publish","type":"page","link":"https:\/\/www.carinthiaconnect.at\/sl\/projekt-pomoci-poplave-v-gegendtalu\/","title":{"rendered":"Projekt pomo\u010di: Poplave v Gegendtalu"},"content":{"rendered":"\t\t<div data-elementor-type=\"wp-page\" data-elementor-id=\"4492\" class=\"elementor elementor-4492 elementor-3014\">\n\t\t\t\t<div class=\"elementor-element elementor-element-46a937a e-flex e-con-boxed e-con e-parent\" data-id=\"46a937a\" data-element_type=\"container\" data-e-type=\"container\">\n\t\t\t\t\t<div class=\"e-con-inner\">\n\t\t<div class=\"elementor-element elementor-element-8773b84 e-con-full e-flex e-con e-child\" data-id=\"8773b84\" data-element_type=\"container\" data-e-type=\"container\">\n\t\t\t\t<div class=\"elementor-element elementor-element-2887aa9 elementor-widget elementor-widget-heading\" data-id=\"2887aa9\" data-element_type=\"widget\" data-e-type=\"widget\" data-widget_type=\"heading.default\">\n\t\t\t\t<div class=\"elementor-widget-container\">\n\t\t\t\t\t<h1 class=\"elementor-heading-title elementor-size-default\"> Pomo\u010d ob nesre\u010di za dru\u017eino v Gegendtalu<\/h1>\t\t\t\t<\/div>\n\t\t\t\t<\/div>\n\t\t\t\t<div class=\"elementor-element elementor-element-40e981e elementor-widget elementor-widget-text-editor\" data-id=\"40e981e\" data-element_type=\"widget\" data-e-type=\"widget\" data-widget_type=\"text-editor.default\">\n\t\t\t\t<div class=\"elementor-widget-container\">\n\t\t\t\t\t\t\t\t\tJunija 2022 sta Gegendtal in Arriach prizadela uni\u010dujo\u010da nevihtna katastrofa, \nmnogi ljudje so izgubili velik del svojega premo\u017eenja, posledica tega so ve\u010dmese\u010dna in deloma ve\u010dletna nadaljnja dela\nz visokimi stro\u0161ki.\n\nNa\u0161 klub se je v tej zadevi izrecno odlo\u010dil pomagati dru\u017eini, ki jo je \u0161e posebej mo\u010dno prizadelo\nin tako smo lahko s finan\u010dno podporo hitro in enostavno prispevali.\n\n\u0160e posebej nas veseli, da smo z dru\u017eino \u0161e danes v stiku in da jo lahko pozdravimo\nna razli\u010dnih dogodkih.\n\n\t\t\t\t\t\t\t\t<\/div>\n\t\t\t\t<\/div>\n\t\t\t\t<\/div>\n\t\t<div class=\"elementor-element elementor-element-940b6cf e-con-full e-flex e-con e-child\" data-id=\"940b6cf\" data-element_type=\"container\" data-e-type=\"container\">\n\t\t\t\t<div class=\"elementor-element elementor-element-5b8bd7f elementor-widget elementor-widget-image\" data-id=\"5b8bd7f\" data-element_type=\"widget\" data-e-type=\"widget\" data-widget_type=\"image.default\">\n\t\t\t\t<div class=\"elementor-widget-container\">\n\t\t\t\t\t\t\t\t\t\t\t\t\t\t\t<img fetchpriority=\"high\" decoding=\"async\" width=\"771\" height=\"1024\" src=\"https:\/\/www.carinthiaconnect.at\/wp-content\/uploads\/2024\/11\/Familie-im-Gegendtal-771x1024.jpg\" class=\"attachment-large size-large wp-image-4493\" alt=\"Dru\u017eina v Gegendtalu\" srcset=\"https:\/\/www.carinthiaconnect.at\/wp-content\/uploads\/2024\/11\/Familie-im-Gegendtal-771x1024.jpg 771w, https:\/\/www.carinthiaconnect.at\/wp-content\/uploads\/2024\/11\/Familie-im-Gegendtal-226x300.jpg 226w, https:\/\/www.carinthiaconnect.at\/wp-content\/uploads\/2024\/11\/Familie-im-Gegendtal-768x1020.jpg 768w, https:\/\/www.carinthiaconnect.at\/wp-content\/uploads\/2024\/11\/Familie-im-Gegendtal-1157x1536.jpg 1157w, https:\/\/www.carinthiaconnect.at\/wp-content\/uploads\/2024\/11\/Familie-im-Gegendtal.jpg 1536w\" sizes=\"(max-width: 771px) 100vw, 771px\" \/>\t\t\t\t\t\t\t\t\t\t\t\t\t\t\t<\/div>\n\t\t\t\t<\/div>\n\t\t\t\t<\/div>\n\t\t\t\t\t<\/div>\n\t\t\t\t<\/div>\n\t\t\t\t<\/div>\n\t\t","protected":false},"excerpt":{"rendered":"<p>Pomo\u010d ob nesre\u010di za dru\u017eino v Gegendtalu Junija 2022 sta Gegendtal in Arriach prizadela uni\u010dujo\u010da nevihtna katastrofa, mnogi ljudje so izgubili velik del svojega premo\u017eenja, posledica tega so ve\u010dmese\u010dna in deloma ve\u010dletna nadaljnja dela z visokimi stro\u0161ki. Na\u0161 klub se je v tej zadevi izrecno odlo\u010dil pomagati dru\u017eini, ki jo je \u0161e posebej mo\u010dno prizadelo [&hellip;]<\/p>\n","protected":false},"author":1,"featured_media":0,"parent":0,"menu_order":0,"comment_status":"closed","ping_status":"closed","template":"","meta":{"site-sidebar-layout":"no-sidebar","site-content-layout":"page-builder","ast-site-content-layout":"full-width-container","site-content-style":"default","site-sidebar-style":"default","ast-global-header-display":"","ast-banner-title-visibility":"","ast-main-header-display":"","ast-hfb-above-header-display":"","ast-hfb-below-header-display":"","ast-hfb-mobile-header-display":"","site-post-title":"disabled","ast-breadcrumbs-content":"","ast-featured-img":"disabled","footer-sml-layout":"","ast-disable-related-posts":"","theme-transparent-header-meta":"","adv-header-id-meta":"","stick-header-meta":"","header-above-stick-meta":"","header-main-stick-meta":"","header-below-stick-meta":"","astra-migrate-meta-layouts":"default","ast-page-background-enabled":"default","ast-page-background-meta":{"desktop":{"background-color":"","background-image":"","background-repeat":"repeat","background-position":"center center","background-size":"auto","background-attachment":"scroll","background-type":"","background-media":"","overlay-type":"","overlay-color":"","overlay-opacity":"","overlay-gradient":""},"tablet":{"background-color":"","background-image":"","background-repeat":"repeat","background-position":"center center","background-size":"auto","background-attachment":"scroll","background-type":"","background-media":"","overlay-type":"","overlay-color":"","overlay-opacity":"","overlay-gradient":""},"mobile":{"background-color":"","background-image":"","background-repeat":"repeat","background-position":"center center","background-size":"auto","background-attachment":"scroll","background-type":"","background-media":"","overlay-type":"","overlay-color":"","overlay-opacity":"","overlay-gradient":""}},"ast-content-background-meta":{"desktop":{"background-color":"var(--ast-global-color-5)","background-image":"","background-repeat":"repeat","background-position":"center center","background-size":"auto","background-attachment":"scroll","background-type":"","background-media":"","overlay-type":"","overlay-color":"","overlay-opacity":"","overlay-gradient":""},"tablet":{"background-color":"var(--ast-global-color-5)","background-image":"","background-repeat":"repeat","background-position":"center center","background-size":"auto","background-attachment":"scroll","background-type":"","background-media":"","overlay-type":"","overlay-color":"","overlay-opacity":"","overlay-gradient":""},"mobile":{"background-color":"var(--ast-global-color-5)","background-image":"","background-repeat":"repeat","background-position":"center center","background-size":"auto","background-attachment":"scroll","background-type":"","background-media":"","overlay-type":"","overlay-color":"","overlay-opacity":"","overlay-gradient":""}},"footnotes":""},"class_list":["post-4492","page","type-page","status-publish","hentry"],"yoast_head":"<!-- This site is optimized with the Yoast SEO plugin v26.6 - https:\/\/yoast.com\/wordpress\/plugins\/seo\/ -->\n<title>Projekt pomo\u010di: Poplave v Gegendtalu - Rotary Club - Carinthia Connect<\/title>\n<meta name=\"robots\" content=\"index, follow, max-snippet:-1, max-image-preview:large, max-video-preview:-1\" \/>\n<link rel=\"canonical\" href=\"https:\/\/www.carinthiaconnect.at\/sl\/projekt-pomoci-poplave-v-gegendtalu\/\" \/>\n<meta property=\"og:locale\" content=\"sl_SI\" \/>\n<meta property=\"og:type\" content=\"article\" \/>\n<meta property=\"og:title\" content=\"Projekt pomo\u010di: Poplave v Gegendtalu - Rotary Club - Carinthia Connect\" \/>\n<meta property=\"og:description\" content=\"Pomo\u010d ob nesre\u010di za dru\u017eino v Gegendtalu Junija 2022 sta Gegendtal in Arriach prizadela uni\u010dujo\u010da nevihtna katastrofa, mnogi ljudje so izgubili velik del svojega premo\u017eenja, posledica tega so ve\u010dmese\u010dna in deloma ve\u010dletna nadaljnja dela z visokimi stro\u0161ki. Na\u0161 klub se je v tej zadevi izrecno odlo\u010dil pomagati dru\u017eini, ki jo je \u0161e posebej mo\u010dno prizadelo [&hellip;]\" \/>\n<meta property=\"og:url\" content=\"https:\/\/www.carinthiaconnect.at\/sl\/projekt-pomoci-poplave-v-gegendtalu\/\" \/>\n<meta property=\"og:site_name\" content=\"Rotary Club - Carinthia Connect\" \/>\n<meta property=\"article:publisher\" content=\"https:\/\/www.facebook.com\/rotaryclubcarinthiaconnect\/\" \/>\n<meta property=\"article:modified_time\" content=\"2025-12-19T08:34:00+00:00\" \/>\n<meta property=\"og:image\" content=\"https:\/\/www.carinthiaconnect.at\/wp-content\/uploads\/2024\/11\/Familie-im-Gegendtal.jpg\" \/>\n\t<meta property=\"og:image:width\" content=\"1536\" \/>\n\t<meta property=\"og:image:height\" content=\"2040\" \/>\n\t<meta property=\"og:image:type\" content=\"image\/jpeg\" \/>\n<meta name=\"twitter:card\" content=\"summary_large_image\" \/>\n<meta name=\"twitter:label1\" content=\"Est. reading time\" \/>\n\t<meta name=\"twitter:data1\" content=\"1 minuta\" \/>\n<script type=\"application\/ld+json\" class=\"yoast-schema-graph\">{\"@context\":\"https:\/\/schema.org\",\"@graph\":[{\"@type\":\"WebPage\",\"@id\":\"https:\/\/www.carinthiaconnect.at\/sl\/projekt-pomoci-poplave-v-gegendtalu\/\",\"url\":\"https:\/\/www.carinthiaconnect.at\/sl\/projekt-pomoci-poplave-v-gegendtalu\/\",\"name\":\"Projekt pomo\u010di: Poplave v Gegendtalu - Rotary Club - Carinthia Connect\",\"isPartOf\":{\"@id\":\"https:\/\/www.carinthiaconnect.at\/sl\/#website\"},\"primaryImageOfPage\":{\"@id\":\"https:\/\/www.carinthiaconnect.at\/sl\/projekt-pomoci-poplave-v-gegendtalu\/#primaryimage\"},\"image\":{\"@id\":\"https:\/\/www.carinthiaconnect.at\/sl\/projekt-pomoci-poplave-v-gegendtalu\/#primaryimage\"},\"thumbnailUrl\":\"https:\/\/www.carinthiaconnect.at\/wp-content\/uploads\/2024\/11\/Familie-im-Gegendtal-771x1024.jpg\",\"datePublished\":\"2024-10-25T14:22:01+00:00\",\"dateModified\":\"2025-12-19T08:34:00+00:00\",\"breadcrumb\":{\"@id\":\"https:\/\/www.carinthiaconnect.at\/sl\/projekt-pomoci-poplave-v-gegendtalu\/#breadcrumb\"},\"inLanguage\":\"sl-SI\",\"potentialAction\":[{\"@type\":\"ReadAction\",\"target\":[\"https:\/\/www.carinthiaconnect.at\/sl\/projekt-pomoci-poplave-v-gegendtalu\/\"]}]},{\"@type\":\"ImageObject\",\"inLanguage\":\"sl-SI\",\"@id\":\"https:\/\/www.carinthiaconnect.at\/sl\/projekt-pomoci-poplave-v-gegendtalu\/#primaryimage\",\"url\":\"https:\/\/www.carinthiaconnect.at\/wp-content\/uploads\/2024\/11\/Familie-im-Gegendtal-771x1024.jpg\",\"contentUrl\":\"https:\/\/www.carinthiaconnect.at\/wp-content\/uploads\/2024\/11\/Familie-im-Gegendtal-771x1024.jpg\"},{\"@type\":\"BreadcrumbList\",\"@id\":\"https:\/\/www.carinthiaconnect.at\/sl\/projekt-pomoci-poplave-v-gegendtalu\/#breadcrumb\",\"itemListElement\":[{\"@type\":\"ListItem\",\"position\":1,\"name\":\"Start\",\"item\":\"https:\/\/www.carinthiaconnect.at\/sl\/\"},{\"@type\":\"ListItem\",\"position\":2,\"name\":\"Projekt pomo\u010di: Poplave v Gegendtalu\"}]},{\"@type\":\"WebSite\",\"@id\":\"https:\/\/www.carinthiaconnect.at\/sl\/#website\",\"url\":\"https:\/\/www.carinthiaconnect.at\/sl\/\",\"name\":\"Rotary Club - Carinthia Connect\",\"description\":\"\",\"publisher\":{\"@id\":\"https:\/\/www.carinthiaconnect.at\/sl\/#organization\"},\"potentialAction\":[{\"@type\":\"SearchAction\",\"target\":{\"@type\":\"EntryPoint\",\"urlTemplate\":\"https:\/\/www.carinthiaconnect.at\/sl\/?s={search_term_string}\"},\"query-input\":{\"@type\":\"PropertyValueSpecification\",\"valueRequired\":true,\"valueName\":\"search_term_string\"}}],\"inLanguage\":\"sl-SI\"},{\"@type\":\"Organization\",\"@id\":\"https:\/\/www.carinthiaconnect.at\/sl\/#organization\",\"name\":\"Rotary Club - Carinthia Connect\",\"url\":\"https:\/\/www.carinthiaconnect.at\/sl\/\",\"logo\":{\"@type\":\"ImageObject\",\"inLanguage\":\"sl-SI\",\"@id\":\"https:\/\/www.carinthiaconnect.at\/sl\/#\/schema\/logo\/image\/\",\"url\":\"https:\/\/www.carinthiaconnect.at\/wp-content\/uploads\/2025\/11\/Rotary-Logo.webp\",\"contentUrl\":\"https:\/\/www.carinthiaconnect.at\/wp-content\/uploads\/2025\/11\/Rotary-Logo.webp\",\"width\":887,\"height\":333,\"caption\":\"Rotary Club - Carinthia Connect\"},\"image\":{\"@id\":\"https:\/\/www.carinthiaconnect.at\/sl\/#\/schema\/logo\/image\/\"},\"sameAs\":[\"https:\/\/www.facebook.com\/rotaryclubcarinthiaconnect\/\"]}]}<\/script>\n<!-- \/ Yoast SEO plugin. -->","yoast_head_json":{"title":"Projekt pomo\u010di: Poplave v Gegendtalu - Rotary Club - Carinthia Connect","robots":{"index":"index","follow":"follow","max-snippet":"max-snippet:-1","max-image-preview":"max-image-preview:large","max-video-preview":"max-video-preview:-1"},"canonical":"https:\/\/www.carinthiaconnect.at\/sl\/projekt-pomoci-poplave-v-gegendtalu\/","og_locale":"sl_SI","og_type":"article","og_title":"Projekt pomo\u010di: Poplave v Gegendtalu - Rotary Club - Carinthia Connect","og_description":"Pomo\u010d ob nesre\u010di za dru\u017eino v Gegendtalu Junija 2022 sta Gegendtal in Arriach prizadela uni\u010dujo\u010da nevihtna katastrofa, mnogi ljudje so izgubili velik del svojega premo\u017eenja, posledica tega so ve\u010dmese\u010dna in deloma ve\u010dletna nadaljnja dela z visokimi stro\u0161ki. Na\u0161 klub se je v tej zadevi izrecno odlo\u010dil pomagati dru\u017eini, ki jo je \u0161e posebej mo\u010dno prizadelo [&hellip;]","og_url":"https:\/\/www.carinthiaconnect.at\/sl\/projekt-pomoci-poplave-v-gegendtalu\/","og_site_name":"Rotary Club - Carinthia Connect","article_publisher":"https:\/\/www.facebook.com\/rotaryclubcarinthiaconnect\/","article_modified_time":"2025-12-19T08:34:00+00:00","og_image":[{"width":1536,"height":2040,"url":"https:\/\/www.carinthiaconnect.at\/wp-content\/uploads\/2024\/11\/Familie-im-Gegendtal.jpg","type":"image\/jpeg"}],"twitter_card":"summary_large_image","twitter_misc":{"Est. reading time":"1 minuta"},"schema":{"@context":"https:\/\/schema.org","@graph":[{"@type":"WebPage","@id":"https:\/\/www.carinthiaconnect.at\/sl\/projekt-pomoci-poplave-v-gegendtalu\/","url":"https:\/\/www.carinthiaconnect.at\/sl\/projekt-pomoci-poplave-v-gegendtalu\/","name":"Projekt pomo\u010di: Poplave v Gegendtalu - Rotary Club - Carinthia Connect","isPartOf":{"@id":"https:\/\/www.carinthiaconnect.at\/sl\/#website"},"primaryImageOfPage":{"@id":"https:\/\/www.carinthiaconnect.at\/sl\/projekt-pomoci-poplave-v-gegendtalu\/#primaryimage"},"image":{"@id":"https:\/\/www.carinthiaconnect.at\/sl\/projekt-pomoci-poplave-v-gegendtalu\/#primaryimage"},"thumbnailUrl":"https:\/\/www.carinthiaconnect.at\/wp-content\/uploads\/2024\/11\/Familie-im-Gegendtal-771x1024.jpg","datePublished":"2024-10-25T14:22:01+00:00","dateModified":"2025-12-19T08:34:00+00:00","breadcrumb":{"@id":"https:\/\/www.carinthiaconnect.at\/sl\/projekt-pomoci-poplave-v-gegendtalu\/#breadcrumb"},"inLanguage":"sl-SI","potentialAction":[{"@type":"ReadAction","target":["https:\/\/www.carinthiaconnect.at\/sl\/projekt-pomoci-poplave-v-gegendtalu\/"]}]},{"@type":"ImageObject","inLanguage":"sl-SI","@id":"https:\/\/www.carinthiaconnect.at\/sl\/projekt-pomoci-poplave-v-gegendtalu\/#primaryimage","url":"https:\/\/www.carinthiaconnect.at\/wp-content\/uploads\/2024\/11\/Familie-im-Gegendtal-771x1024.jpg","contentUrl":"https:\/\/www.carinthiaconnect.at\/wp-content\/uploads\/2024\/11\/Familie-im-Gegendtal-771x1024.jpg"},{"@type":"BreadcrumbList","@id":"https:\/\/www.carinthiaconnect.at\/sl\/projekt-pomoci-poplave-v-gegendtalu\/#breadcrumb","itemListElement":[{"@type":"ListItem","position":1,"name":"Start","item":"https:\/\/www.carinthiaconnect.at\/sl\/"},{"@type":"ListItem","position":2,"name":"Projekt pomo\u010di: Poplave v Gegendtalu"}]},{"@type":"WebSite","@id":"https:\/\/www.carinthiaconnect.at\/sl\/#website","url":"https:\/\/www.carinthiaconnect.at\/sl\/","name":"Rotary Club - Carinthia Connect","description":"","publisher":{"@id":"https:\/\/www.carinthiaconnect.at\/sl\/#organization"},"potentialAction":[{"@type":"SearchAction","target":{"@type":"EntryPoint","urlTemplate":"https:\/\/www.carinthiaconnect.at\/sl\/?s={search_term_string}"},"query-input":{"@type":"PropertyValueSpecification","valueRequired":true,"valueName":"search_term_string"}}],"inLanguage":"sl-SI"},{"@type":"Organization","@id":"https:\/\/www.carinthiaconnect.at\/sl\/#organization","name":"Rotary Club - Carinthia Connect","url":"https:\/\/www.carinthiaconnect.at\/sl\/","logo":{"@type":"ImageObject","inLanguage":"sl-SI","@id":"https:\/\/www.carinthiaconnect.at\/sl\/#\/schema\/logo\/image\/","url":"https:\/\/www.carinthiaconnect.at\/wp-content\/uploads\/2025\/11\/Rotary-Logo.webp","contentUrl":"https:\/\/www.carinthiaconnect.at\/wp-content\/uploads\/2025\/11\/Rotary-Logo.webp","width":887,"height":333,"caption":"Rotary Club - Carinthia Connect"},"image":{"@id":"https:\/\/www.carinthiaconnect.at\/sl\/#\/schema\/logo\/image\/"},"sameAs":["https:\/\/www.facebook.com\/rotaryclubcarinthiaconnect\/"]}]}},"_links":{"self":[{"href":"https:\/\/www.carinthiaconnect.at\/sl\/wp-json\/wp\/v2\/pages\/4492","targetHints":{"allow":["GET"]}}],"collection":[{"href":"https:\/\/www.carinthiaconnect.at\/sl\/wp-json\/wp\/v2\/pages"}],"about":[{"href":"https:\/\/www.carinthiaconnect.at\/sl\/wp-json\/wp\/v2\/types\/page"}],"author":[{"embeddable":true,"href":"https:\/\/www.carinthiaconnect.at\/sl\/wp-json\/wp\/v2\/users\/1"}],"replies":[{"embeddable":true,"href":"https:\/\/www.carinthiaconnect.at\/sl\/wp-json\/wp\/v2\/comments?post=4492"}],"version-history":[{"count":1,"href":"https:\/\/www.carinthiaconnect.at\/sl\/wp-json\/wp\/v2\/pages\/4492\/revisions"}],"predecessor-version":[{"id":4494,"href":"https:\/\/www.carinthiaconnect.at\/sl\/wp-json\/wp\/v2\/pages\/4492\/revisions\/4494"}],"wp:attachment":[{"href":"https:\/\/www.carinthiaconnect.at\/sl\/wp-json\/wp\/v2\/media?parent=4492"}],"curies":[{"name":"wp","href":"https:\/\/api.w.org\/{rel}","templated":true}]}}