{"id":4504,"date":"2024-10-25T14:26:49","date_gmt":"2024-10-25T14:26:49","guid":{"rendered":"https:\/\/www.carinthiaconnect.at\/poudarki-kluba\/"},"modified":"2025-12-19T08:34:54","modified_gmt":"2025-12-19T08:34:54","slug":"poudarki-kluba","status":"publish","type":"page","link":"https:\/\/www.carinthiaconnect.at\/sl\/poudarki-kluba\/","title":{"rendered":"Poudarki kluba"},"content":{"rendered":"\t\t<div data-elementor-type=\"wp-page\" data-elementor-id=\"4504\" class=\"elementor elementor-4504 elementor-3020\">\n\t\t\t\t<div class=\"elementor-element elementor-element-c4eb132 e-flex e-con-boxed e-con e-parent\" data-id=\"c4eb132\" data-element_type=\"container\" data-e-type=\"container\">\n\t\t\t\t\t<div class=\"e-con-inner\">\n\t\t<div class=\"elementor-element elementor-element-928d8fb e-con-full e-flex e-con e-child\" data-id=\"928d8fb\" data-element_type=\"container\" data-e-type=\"container\">\n\t\t\t\t<div class=\"elementor-element elementor-element-77ca371 elementor-widget elementor-widget-heading\" data-id=\"77ca371\" data-element_type=\"widget\" data-e-type=\"widget\" data-widget_type=\"heading.default\">\n\t\t\t\t<div class=\"elementor-widget-container\">\n\t\t\t\t\t<h2 class=\"elementor-heading-title elementor-size-default\">Ustanovna slovesnost<\/h2>\t\t\t\t<\/div>\n\t\t\t\t<\/div>\n\t\t\t\t<div class=\"elementor-element elementor-element-2a47082 elementor-widget elementor-widget-text-editor\" data-id=\"2a47082\" data-element_type=\"widget\" data-e-type=\"widget\" data-widget_type=\"text-editor.default\">\n\t\t\t\t<div class=\"elementor-widget-container\">\n\t\t\t\t\t\t\t\t\t<p>11. 6. 2022 se je na posestvu Karnburg zbralo pribli\u017eno 50 gostov, da bi uradno ustanovili Rotary klub<br>\u201eRC Carinthia Connect\u201c, ki je bil na novo ustanovljen 24. 10. 2021.<\/p><p>Posebnost tega kluba: \u201eNa\u0161 klub ponuja Koro\u0161cem, ki \u017eivijo v drugih zveznih de\u017eelah ali celo v tujini, mo\u017enost, da so \u010dlani koro\u0161kega Rotary kluba. Tak\u0161en mednarodni klub je v okro\u017eju doslej le eden, in sicer na Dunaju,\u201c je dejal ustanovni predsednik Patrick Schliefnig, ki prihaja iz Wolfsberga.<\/p><p>20 ustanovnih \u010dlanov je bilo s to tradicionalno prireditvijo \u0161e enkrat uradno sprejetih v Rotary International in jim je guverner distrikta Leo Steiner podelil ustanovno listino.<\/p><p>V okviru tega ustanovnega praznovanja je bil z \u017erebom zbran precej\u0161en znesek donacij. Zahvaljujemo se vsem sponzorjem in donatorjem. <\/p>\t\t\t\t\t\t\t\t<\/div>\n\t\t\t\t<\/div>\n\t\t\t\t<\/div>\n\t\t<div class=\"elementor-element elementor-element-4c4ca57 e-con-full e-flex e-con e-child\" data-id=\"4c4ca57\" data-element_type=\"container\" data-e-type=\"container\">\n\t\t\t\t<div class=\"elementor-element elementor-element-2ca7bb6 elementor-widget elementor-widget-image\" data-id=\"2ca7bb6\" data-element_type=\"widget\" data-e-type=\"widget\" data-widget_type=\"image.default\">\n\t\t\t\t<div class=\"elementor-widget-container\">\n\t\t\t\t\t\t\t\t\t\t\t\t\t\t\t<img fetchpriority=\"high\" decoding=\"async\" width=\"768\" height=\"579\" src=\"https:\/\/www.carinthiaconnect.at\/wp-content\/uploads\/2024\/10\/KPH_6025.jpg\" class=\"attachment-large size-large wp-image-4507\" alt=\"\" srcset=\"https:\/\/www.carinthiaconnect.at\/wp-content\/uploads\/2024\/10\/KPH_6025.jpg 768w, https:\/\/www.carinthiaconnect.at\/wp-content\/uploads\/2024\/10\/KPH_6025-300x226.jpg 300w\" sizes=\"(max-width: 768px) 100vw, 768px\" \/>\t\t\t\t\t\t\t\t\t\t\t\t\t\t\t<\/div>\n\t\t\t\t<\/div>\n\t\t\t\t<\/div>\n\t\t\t\t\t<\/div>\n\t\t\t\t<\/div>\n\t\t<div class=\"elementor-element elementor-element-1112f79 e-flex e-con-boxed e-con e-parent\" data-id=\"1112f79\" data-element_type=\"container\" data-e-type=\"container\">\n\t\t\t\t\t<div class=\"e-con-inner\">\n\t\t<div class=\"elementor-element elementor-element-826c95c e-con-full e-flex e-con e-child\" data-id=\"826c95c\" data-element_type=\"container\" data-e-type=\"container\">\n\t\t\t\t<div class=\"elementor-element elementor-element-f3bdf7c elementor-widget elementor-widget-heading\" data-id=\"f3bdf7c\" data-element_type=\"widget\" data-e-type=\"widget\" data-widget_type=\"heading.default\">\n\t\t\t\t<div class=\"elementor-widget-container\">\n\t\t\t\t\t<h2 class=\"elementor-heading-title elementor-size-default\">Na Pyramidenkoglu<\/h2>\t\t\t\t<\/div>\n\t\t\t\t<\/div>\n\t\t\t\t<div class=\"elementor-element elementor-element-a716384 elementor-widget elementor-widget-text-editor\" data-id=\"a716384\" data-element_type=\"widget\" data-e-type=\"widget\" data-widget_type=\"text-editor.default\">\n\t\t\t\t<div class=\"elementor-widget-container\">\n\t\t\t\t\t\t\t\t\tRazgledni stolp na Pyramidenkoglu krasi logotip na\u0161ega kluba in je bil tudi v sredi\u0161\u010du skupnega izleta. Markus Klaura, arhitekt stolpa, nas je seznanil z gradnjo, dih jemajo\u010d razgled in \u010dudovito vreme pa sta na\u0161 izlet naredila nepozabno do\u017eivetje. Po vzponu na 441 stopnic smo u\u017eivali v okusni hrani pri H\u00f6henwirtu \u2013 popoln zaklju\u010dek na\u0161ega izleta.\nPoseben vrhunec dneva je bila slovesna predaja predsedovanja. Kornelia Kaltenhauser je s srcem in hvale\u017enostjo predala funkcijo Berndtu Trieblu, ki bo na\u0161o skupnost z novim zagonom in idejami vodil v leto 2025. Kornelia je v na\u0161em krogu toplo pozdravila tudi na\u0161ega novega \u010dlana Karla Kaltenhauserja.    \n\t\t\t\t\t\t\t\t<\/div>\n\t\t\t\t<\/div>\n\t\t\t\t<\/div>\n\t\t<div class=\"elementor-element elementor-element-b42a916 e-con-full e-flex e-con e-child\" data-id=\"b42a916\" data-element_type=\"container\" data-e-type=\"container\">\n\t\t\t\t<div class=\"elementor-element elementor-element-52f90e2 elementor-widget elementor-widget-image\" data-id=\"52f90e2\" data-element_type=\"widget\" data-e-type=\"widget\" data-widget_type=\"image.default\">\n\t\t\t\t<div class=\"elementor-widget-container\">\n\t\t\t\t\t\t\t\t\t\t\t\t\t\t\t<img decoding=\"async\" width=\"821\" height=\"547\" src=\"https:\/\/www.carinthiaconnect.at\/wp-content\/uploads\/2024\/10\/Pyramidenkogel.webp\" class=\"attachment-large size-large wp-image-4508\" alt=\"\" srcset=\"https:\/\/www.carinthiaconnect.at\/wp-content\/uploads\/2024\/10\/Pyramidenkogel.webp 821w, https:\/\/www.carinthiaconnect.at\/wp-content\/uploads\/2024\/10\/Pyramidenkogel-300x200.webp 300w, https:\/\/www.carinthiaconnect.at\/wp-content\/uploads\/2024\/10\/Pyramidenkogel-768x512.webp 768w\" sizes=\"(max-width: 821px) 100vw, 821px\" \/>\t\t\t\t\t\t\t\t\t\t\t\t\t\t\t<\/div>\n\t\t\t\t<\/div>\n\t\t\t\t<\/div>\n\t\t\t\t\t<\/div>\n\t\t\t\t<\/div>\n\t\t<div class=\"elementor-element elementor-element-c02e642 e-flex e-con-boxed e-con e-parent\" data-id=\"c02e642\" data-element_type=\"container\" data-e-type=\"container\">\n\t\t\t\t\t<div class=\"e-con-inner\">\n\t\t<div class=\"elementor-element elementor-element-141d92f e-con-full e-flex e-con e-child\" data-id=\"141d92f\" data-element_type=\"container\" data-e-type=\"container\">\n\t\t\t\t<div class=\"elementor-element elementor-element-ea16207 elementor-widget elementor-widget-heading\" data-id=\"ea16207\" data-element_type=\"widget\" data-e-type=\"widget\" data-widget_type=\"heading.default\">\n\t\t\t\t<div class=\"elementor-widget-container\">\n\t\t\t\t\t<h2 class=\"elementor-heading-title elementor-size-default\">Belja\u0161ki pust<\/h2>\t\t\t\t<\/div>\n\t\t\t\t<\/div>\n\t\t\t\t<div class=\"elementor-element elementor-element-15f9fbd elementor-widget elementor-widget-text-editor\" data-id=\"15f9fbd\" data-element_type=\"widget\" data-e-type=\"widget\" data-widget_type=\"text-editor.default\">\n\t\t\t\t<div class=\"elementor-widget-container\">\n\t\t\t\t\t\t\t\t\t\u010ce ima\u0161 v svojih vrstah pravega pustnega strokovnjaka, kot je Kuno Kunz, potem je obisk Belja\u0161kega pusta skoraj obvezen. \t\t\t\t\t\t\t\t<\/div>\n\t\t\t\t<\/div>\n\t\t\t\t<\/div>\n\t\t<div class=\"elementor-element elementor-element-270bc7b e-con-full e-flex e-con e-child\" data-id=\"270bc7b\" data-element_type=\"container\" data-e-type=\"container\">\n\t\t\t\t<div class=\"elementor-element elementor-element-dd594dd elementor-widget elementor-widget-image\" data-id=\"dd594dd\" data-element_type=\"widget\" data-e-type=\"widget\" data-widget_type=\"image.default\">\n\t\t\t\t<div class=\"elementor-widget-container\">\n\t\t\t\t\t\t\t\t\t\t\t\t\t\t\t<img decoding=\"async\" width=\"1001\" height=\"742\" src=\"https:\/\/www.carinthiaconnect.at\/wp-content\/uploads\/2024\/10\/Villacher-Fasching_1.webp\" class=\"attachment-large size-large wp-image-4509\" alt=\"\" srcset=\"https:\/\/www.carinthiaconnect.at\/wp-content\/uploads\/2024\/10\/Villacher-Fasching_1.webp 1001w, https:\/\/www.carinthiaconnect.at\/wp-content\/uploads\/2024\/10\/Villacher-Fasching_1-300x222.webp 300w, https:\/\/www.carinthiaconnect.at\/wp-content\/uploads\/2024\/10\/Villacher-Fasching_1-768x569.webp 768w\" sizes=\"(max-width: 1001px) 100vw, 1001px\" \/>\t\t\t\t\t\t\t\t\t\t\t\t\t\t\t<\/div>\n\t\t\t\t<\/div>\n\t\t\t\t<\/div>\n\t\t\t\t\t<\/div>\n\t\t\t\t<\/div>\n\t\t<div class=\"elementor-element elementor-element-1478562 e-flex e-con-boxed e-con e-parent\" data-id=\"1478562\" data-element_type=\"container\" data-e-type=\"container\">\n\t\t\t\t\t<div class=\"e-con-inner\">\n\t\t<div class=\"elementor-element elementor-element-b1758ef e-con-full e-flex e-con e-child\" data-id=\"b1758ef\" data-element_type=\"container\" data-e-type=\"container\">\n\t\t\t\t<div class=\"elementor-element elementor-element-a4d6b52 elementor-widget elementor-widget-heading\" data-id=\"a4d6b52\" data-element_type=\"widget\" data-e-type=\"widget\" data-widget_type=\"heading.default\">\n\t\t\t\t<div class=\"elementor-widget-container\">\n\t\t\t\t\t<h2 class=\"elementor-heading-title elementor-size-default\">Norin Summersplash<\/h2>\t\t\t\t<\/div>\n\t\t\t\t<\/div>\n\t\t\t\t<div class=\"elementor-element elementor-element-3d4d317 elementor-widget elementor-widget-text-editor\" data-id=\"3d4d317\" data-element_type=\"widget\" data-e-type=\"widget\" data-widget_type=\"text-editor.default\">\n\t\t\t\t<div class=\"elementor-widget-container\">\n\t\t\t\t\t\t\t\t\tDogodek, ki so ga vsi vzljubili, je Norin Summersplash v njenem \u010dolnarnici ob Vrbskem jezeru. Poleg kulinari\u010dnih dobrot in \u0161tevilnih dobrih pogovorov je bilo seveda v sredi\u0161\u010du jezero.  \n\n\t\t\t\t\t\t\t\t<\/div>\n\t\t\t\t<\/div>\n\t\t\t\t<\/div>\n\t\t<div class=\"elementor-element elementor-element-cf22060 e-con-full e-flex e-con e-child\" data-id=\"cf22060\" data-element_type=\"container\" data-e-type=\"container\">\n\t\t\t\t<div class=\"elementor-element elementor-element-5896874 elementor-widget elementor-widget-image\" data-id=\"5896874\" data-element_type=\"widget\" data-e-type=\"widget\" data-widget_type=\"image.default\">\n\t\t\t\t<div class=\"elementor-widget-container\">\n\t\t\t\t\t\t\t\t\t\t\t\t\t\t\t<img loading=\"lazy\" decoding=\"async\" width=\"1024\" height=\"766\" src=\"https:\/\/www.carinthiaconnect.at\/wp-content\/uploads\/2025\/01\/Summer-Splash-Nora2.JPEG-1024x766.jpg\" class=\"attachment-large size-large wp-image-4506\" alt=\"\" srcset=\"https:\/\/www.carinthiaconnect.at\/wp-content\/uploads\/2025\/01\/Summer-Splash-Nora2.JPEG-1024x766.jpg 1024w, https:\/\/www.carinthiaconnect.at\/wp-content\/uploads\/2025\/01\/Summer-Splash-Nora2.JPEG-300x224.jpg 300w, https:\/\/www.carinthiaconnect.at\/wp-content\/uploads\/2025\/01\/Summer-Splash-Nora2.JPEG-768x575.jpg 768w, https:\/\/www.carinthiaconnect.at\/wp-content\/uploads\/2025\/01\/Summer-Splash-Nora2.JPEG-1536x1149.jpg 1536w, https:\/\/www.carinthiaconnect.at\/wp-content\/uploads\/2025\/01\/Summer-Splash-Nora2.JPEG-2048x1532.jpg 2048w\" sizes=\"(max-width: 1024px) 100vw, 1024px\" \/>\t\t\t\t\t\t\t\t\t\t\t\t\t\t\t<\/div>\n\t\t\t\t<\/div>\n\t\t\t\t<\/div>\n\t\t\t\t\t<\/div>\n\t\t\t\t<\/div>\n\t\t<div class=\"elementor-element elementor-element-eb62928 e-flex e-con-boxed e-con e-parent\" data-id=\"eb62928\" data-element_type=\"container\" data-e-type=\"container\">\n\t\t\t\t\t<div class=\"e-con-inner\">\n\t\t<div class=\"elementor-element elementor-element-ca2495d e-con-full e-flex e-con e-child\" data-id=\"ca2495d\" data-element_type=\"container\" data-e-type=\"container\">\n\t\t\t\t<div class=\"elementor-element elementor-element-410316c elementor-widget elementor-widget-heading\" data-id=\"410316c\" data-element_type=\"widget\" data-e-type=\"widget\" data-widget_type=\"heading.default\">\n\t\t\t\t<div class=\"elementor-widget-container\">\n\t\t\t\t\t<h2 class=\"elementor-heading-title elementor-size-default\">Oktoberfest<\/h2>\t\t\t\t<\/div>\n\t\t\t\t<\/div>\n\t\t\t\t<div class=\"elementor-element elementor-element-23c0ef5 elementor-widget elementor-widget-text-editor\" data-id=\"23c0ef5\" data-element_type=\"widget\" data-e-type=\"widget\" data-widget_type=\"text-editor.default\">\n\t\t\t\t<div class=\"elementor-widget-container\">\n\t\t\t\t\t\t\t\t\tNa\u0161a Jutta vsako leto vabi na svoj povsem osebni Oktoberfest. Ob dobri glasbi in odli\u010dni hrani u\u017eivamo v lepih urah in kujemo na\u010drte za na\u0161 klub. \t\t\t\t\t\t\t\t<\/div>\n\t\t\t\t<\/div>\n\t\t\t\t<\/div>\n\t\t<div class=\"elementor-element elementor-element-822403c e-con-full e-flex e-con e-child\" data-id=\"822403c\" data-element_type=\"container\" data-e-type=\"container\">\n\t\t\t\t<div class=\"elementor-element elementor-element-9a39ce7 elementor-widget elementor-widget-image\" data-id=\"9a39ce7\" data-element_type=\"widget\" data-e-type=\"widget\" data-widget_type=\"image.default\">\n\t\t\t\t<div class=\"elementor-widget-container\">\n\t\t\t\t\t\t\t\t\t\t\t\t\t\t\t<img loading=\"lazy\" decoding=\"async\" width=\"960\" height=\"720\" src=\"https:\/\/www.carinthiaconnect.at\/wp-content\/uploads\/2024\/10\/Oktoberfest_1-1.webp\" class=\"attachment-large size-large wp-image-4505\" alt=\"\" srcset=\"https:\/\/www.carinthiaconnect.at\/wp-content\/uploads\/2024\/10\/Oktoberfest_1-1.webp 960w, https:\/\/www.carinthiaconnect.at\/wp-content\/uploads\/2024\/10\/Oktoberfest_1-1-300x225.webp 300w, https:\/\/www.carinthiaconnect.at\/wp-content\/uploads\/2024\/10\/Oktoberfest_1-1-768x576.webp 768w\" sizes=\"(max-width: 960px) 100vw, 960px\" \/>\t\t\t\t\t\t\t\t\t\t\t\t\t\t\t<\/div>\n\t\t\t\t<\/div>\n\t\t\t\t<\/div>\n\t\t\t\t\t<\/div>\n\t\t\t\t<\/div>\n\t\t\t\t<\/div>\n\t\t","protected":false},"excerpt":{"rendered":"<p>Ustanovna slovesnost 11. 6. 2022 se je na posestvu Karnburg zbralo pribli\u017eno 50 gostov, da bi uradno ustanovili Rotary klub\u201eRC Carinthia Connect\u201c, ki je bil na novo ustanovljen 24. 10. 2021. Posebnost tega kluba: \u201eNa\u0161 klub ponuja Koro\u0161cem, ki \u017eivijo v drugih zveznih de\u017eelah ali celo v tujini, mo\u017enost, da so \u010dlani koro\u0161kega Rotary kluba. [&hellip;]<\/p>\n","protected":false},"author":1,"featured_media":0,"parent":0,"menu_order":0,"comment_status":"closed","ping_status":"closed","template":"","meta":{"site-sidebar-layout":"no-sidebar","site-content-layout":"page-builder","ast-site-content-layout":"full-width-container","site-content-style":"default","site-sidebar-style":"default","ast-global-header-display":"","ast-banner-title-visibility":"","ast-main-header-display":"","ast-hfb-above-header-display":"","ast-hfb-below-header-display":"","ast-hfb-mobile-header-display":"","site-post-title":"disabled","ast-breadcrumbs-content":"","ast-featured-img":"disabled","footer-sml-layout":"","ast-disable-related-posts":"","theme-transparent-header-meta":"","adv-header-id-meta":"","stick-header-meta":"","header-above-stick-meta":"","header-main-stick-meta":"","header-below-stick-meta":"","astra-migrate-meta-layouts":"default","ast-page-background-enabled":"default","ast-page-background-meta":{"desktop":{"background-color":"","background-image":"","background-repeat":"repeat","background-position":"center center","background-size":"auto","background-attachment":"scroll","background-type":"","background-media":"","overlay-type":"","overlay-color":"","overlay-opacity":"","overlay-gradient":""},"tablet":{"background-color":"","background-image":"","background-repeat":"repeat","background-position":"center center","background-size":"auto","background-attachment":"scroll","background-type":"","background-media":"","overlay-type":"","overlay-color":"","overlay-opacity":"","overlay-gradient":""},"mobile":{"background-color":"","background-image":"","background-repeat":"repeat","background-position":"center center","background-size":"auto","background-attachment":"scroll","background-type":"","background-media":"","overlay-type":"","overlay-color":"","overlay-opacity":"","overlay-gradient":""}},"ast-content-background-meta":{"desktop":{"background-color":"var(--ast-global-color-5)","background-image":"","background-repeat":"repeat","background-position":"center center","background-size":"auto","background-attachment":"scroll","background-type":"","background-media":"","overlay-type":"","overlay-color":"","overlay-opacity":"","overlay-gradient":""},"tablet":{"background-color":"var(--ast-global-color-5)","background-image":"","background-repeat":"repeat","background-position":"center center","background-size":"auto","background-attachment":"scroll","background-type":"","background-media":"","overlay-type":"","overlay-color":"","overlay-opacity":"","overlay-gradient":""},"mobile":{"background-color":"var(--ast-global-color-5)","background-image":"","background-repeat":"repeat","background-position":"center center","background-size":"auto","background-attachment":"scroll","background-type":"","background-media":"","overlay-type":"","overlay-color":"","overlay-opacity":"","overlay-gradient":""}},"footnotes":""},"class_list":["post-4504","page","type-page","status-publish","hentry"],"yoast_head":"<!-- This site is optimized with the Yoast SEO plugin v26.6 - https:\/\/yoast.com\/wordpress\/plugins\/seo\/ -->\n<title>Poudarki kluba - Rotary Club - Carinthia Connect<\/title>\n<meta name=\"robots\" content=\"index, follow, max-snippet:-1, max-image-preview:large, max-video-preview:-1\" \/>\n<link rel=\"canonical\" href=\"https:\/\/www.carinthiaconnect.at\/sl\/poudarki-kluba\/\" \/>\n<meta property=\"og:locale\" content=\"sl_SI\" \/>\n<meta property=\"og:type\" content=\"article\" \/>\n<meta property=\"og:title\" content=\"Poudarki kluba - Rotary Club - Carinthia Connect\" \/>\n<meta property=\"og:description\" content=\"Ustanovna slovesnost 11. 6. 2022 se je na posestvu Karnburg zbralo pribli\u017eno 50 gostov, da bi uradno ustanovili Rotary klub\u201eRC Carinthia Connect\u201c, ki je bil na novo ustanovljen 24. 10. 2021. Posebnost tega kluba: \u201eNa\u0161 klub ponuja Koro\u0161cem, ki \u017eivijo v drugih zveznih de\u017eelah ali celo v tujini, mo\u017enost, da so \u010dlani koro\u0161kega Rotary kluba. [&hellip;]\" \/>\n<meta property=\"og:url\" content=\"https:\/\/www.carinthiaconnect.at\/sl\/poudarki-kluba\/\" \/>\n<meta property=\"og:site_name\" content=\"Rotary Club - Carinthia Connect\" \/>\n<meta property=\"article:publisher\" content=\"https:\/\/www.facebook.com\/rotaryclubcarinthiaconnect\/\" \/>\n<meta property=\"article:modified_time\" content=\"2025-12-19T08:34:54+00:00\" \/>\n<meta property=\"og:image\" content=\"https:\/\/www.carinthiaconnect.at\/wp-content\/uploads\/2024\/10\/KPH_6025.jpg\" \/>\n\t<meta property=\"og:image:width\" content=\"768\" \/>\n\t<meta property=\"og:image:height\" content=\"579\" \/>\n\t<meta property=\"og:image:type\" content=\"image\/jpeg\" \/>\n<meta name=\"twitter:card\" content=\"summary_large_image\" \/>\n<meta name=\"twitter:label1\" content=\"Est. reading time\" \/>\n\t<meta name=\"twitter:data1\" content=\"2 minuti\" \/>\n<script type=\"application\/ld+json\" class=\"yoast-schema-graph\">{\"@context\":\"https:\/\/schema.org\",\"@graph\":[{\"@type\":\"WebPage\",\"@id\":\"https:\/\/www.carinthiaconnect.at\/sl\/poudarki-kluba\/\",\"url\":\"https:\/\/www.carinthiaconnect.at\/sl\/poudarki-kluba\/\",\"name\":\"Poudarki kluba - Rotary Club - Carinthia Connect\",\"isPartOf\":{\"@id\":\"https:\/\/www.carinthiaconnect.at\/sl\/#website\"},\"primaryImageOfPage\":{\"@id\":\"https:\/\/www.carinthiaconnect.at\/sl\/poudarki-kluba\/#primaryimage\"},\"image\":{\"@id\":\"https:\/\/www.carinthiaconnect.at\/sl\/poudarki-kluba\/#primaryimage\"},\"thumbnailUrl\":\"https:\/\/www.carinthiaconnect.at\/wp-content\/uploads\/2024\/10\/KPH_6025.jpg\",\"datePublished\":\"2024-10-25T14:26:49+00:00\",\"dateModified\":\"2025-12-19T08:34:54+00:00\",\"breadcrumb\":{\"@id\":\"https:\/\/www.carinthiaconnect.at\/sl\/poudarki-kluba\/#breadcrumb\"},\"inLanguage\":\"sl-SI\",\"potentialAction\":[{\"@type\":\"ReadAction\",\"target\":[\"https:\/\/www.carinthiaconnect.at\/sl\/poudarki-kluba\/\"]}]},{\"@type\":\"ImageObject\",\"inLanguage\":\"sl-SI\",\"@id\":\"https:\/\/www.carinthiaconnect.at\/sl\/poudarki-kluba\/#primaryimage\",\"url\":\"https:\/\/www.carinthiaconnect.at\/wp-content\/uploads\/2024\/10\/KPH_6025.jpg\",\"contentUrl\":\"https:\/\/www.carinthiaconnect.at\/wp-content\/uploads\/2024\/10\/KPH_6025.jpg\"},{\"@type\":\"BreadcrumbList\",\"@id\":\"https:\/\/www.carinthiaconnect.at\/sl\/poudarki-kluba\/#breadcrumb\",\"itemListElement\":[{\"@type\":\"ListItem\",\"position\":1,\"name\":\"Start\",\"item\":\"https:\/\/www.carinthiaconnect.at\/sl\/\"},{\"@type\":\"ListItem\",\"position\":2,\"name\":\"Poudarki kluba\"}]},{\"@type\":\"WebSite\",\"@id\":\"https:\/\/www.carinthiaconnect.at\/sl\/#website\",\"url\":\"https:\/\/www.carinthiaconnect.at\/sl\/\",\"name\":\"Rotary Club - Carinthia Connect\",\"description\":\"\",\"publisher\":{\"@id\":\"https:\/\/www.carinthiaconnect.at\/sl\/#organization\"},\"potentialAction\":[{\"@type\":\"SearchAction\",\"target\":{\"@type\":\"EntryPoint\",\"urlTemplate\":\"https:\/\/www.carinthiaconnect.at\/sl\/?s={search_term_string}\"},\"query-input\":{\"@type\":\"PropertyValueSpecification\",\"valueRequired\":true,\"valueName\":\"search_term_string\"}}],\"inLanguage\":\"sl-SI\"},{\"@type\":\"Organization\",\"@id\":\"https:\/\/www.carinthiaconnect.at\/sl\/#organization\",\"name\":\"Rotary Club - Carinthia Connect\",\"url\":\"https:\/\/www.carinthiaconnect.at\/sl\/\",\"logo\":{\"@type\":\"ImageObject\",\"inLanguage\":\"sl-SI\",\"@id\":\"https:\/\/www.carinthiaconnect.at\/sl\/#\/schema\/logo\/image\/\",\"url\":\"https:\/\/www.carinthiaconnect.at\/wp-content\/uploads\/2025\/11\/Rotary-Logo.webp\",\"contentUrl\":\"https:\/\/www.carinthiaconnect.at\/wp-content\/uploads\/2025\/11\/Rotary-Logo.webp\",\"width\":887,\"height\":333,\"caption\":\"Rotary Club - Carinthia Connect\"},\"image\":{\"@id\":\"https:\/\/www.carinthiaconnect.at\/sl\/#\/schema\/logo\/image\/\"},\"sameAs\":[\"https:\/\/www.facebook.com\/rotaryclubcarinthiaconnect\/\"]}]}<\/script>\n<!-- \/ Yoast SEO plugin. -->","yoast_head_json":{"title":"Poudarki kluba - Rotary Club - Carinthia Connect","robots":{"index":"index","follow":"follow","max-snippet":"max-snippet:-1","max-image-preview":"max-image-preview:large","max-video-preview":"max-video-preview:-1"},"canonical":"https:\/\/www.carinthiaconnect.at\/sl\/poudarki-kluba\/","og_locale":"sl_SI","og_type":"article","og_title":"Poudarki kluba - Rotary Club - Carinthia Connect","og_description":"Ustanovna slovesnost 11. 6. 2022 se je na posestvu Karnburg zbralo pribli\u017eno 50 gostov, da bi uradno ustanovili Rotary klub\u201eRC Carinthia Connect\u201c, ki je bil na novo ustanovljen 24. 10. 2021. Posebnost tega kluba: \u201eNa\u0161 klub ponuja Koro\u0161cem, ki \u017eivijo v drugih zveznih de\u017eelah ali celo v tujini, mo\u017enost, da so \u010dlani koro\u0161kega Rotary kluba. [&hellip;]","og_url":"https:\/\/www.carinthiaconnect.at\/sl\/poudarki-kluba\/","og_site_name":"Rotary Club - Carinthia Connect","article_publisher":"https:\/\/www.facebook.com\/rotaryclubcarinthiaconnect\/","article_modified_time":"2025-12-19T08:34:54+00:00","og_image":[{"width":768,"height":579,"url":"https:\/\/www.carinthiaconnect.at\/wp-content\/uploads\/2024\/10\/KPH_6025.jpg","type":"image\/jpeg"}],"twitter_card":"summary_large_image","twitter_misc":{"Est. reading time":"2 minuti"},"schema":{"@context":"https:\/\/schema.org","@graph":[{"@type":"WebPage","@id":"https:\/\/www.carinthiaconnect.at\/sl\/poudarki-kluba\/","url":"https:\/\/www.carinthiaconnect.at\/sl\/poudarki-kluba\/","name":"Poudarki kluba - Rotary Club - Carinthia Connect","isPartOf":{"@id":"https:\/\/www.carinthiaconnect.at\/sl\/#website"},"primaryImageOfPage":{"@id":"https:\/\/www.carinthiaconnect.at\/sl\/poudarki-kluba\/#primaryimage"},"image":{"@id":"https:\/\/www.carinthiaconnect.at\/sl\/poudarki-kluba\/#primaryimage"},"thumbnailUrl":"https:\/\/www.carinthiaconnect.at\/wp-content\/uploads\/2024\/10\/KPH_6025.jpg","datePublished":"2024-10-25T14:26:49+00:00","dateModified":"2025-12-19T08:34:54+00:00","breadcrumb":{"@id":"https:\/\/www.carinthiaconnect.at\/sl\/poudarki-kluba\/#breadcrumb"},"inLanguage":"sl-SI","potentialAction":[{"@type":"ReadAction","target":["https:\/\/www.carinthiaconnect.at\/sl\/poudarki-kluba\/"]}]},{"@type":"ImageObject","inLanguage":"sl-SI","@id":"https:\/\/www.carinthiaconnect.at\/sl\/poudarki-kluba\/#primaryimage","url":"https:\/\/www.carinthiaconnect.at\/wp-content\/uploads\/2024\/10\/KPH_6025.jpg","contentUrl":"https:\/\/www.carinthiaconnect.at\/wp-content\/uploads\/2024\/10\/KPH_6025.jpg"},{"@type":"BreadcrumbList","@id":"https:\/\/www.carinthiaconnect.at\/sl\/poudarki-kluba\/#breadcrumb","itemListElement":[{"@type":"ListItem","position":1,"name":"Start","item":"https:\/\/www.carinthiaconnect.at\/sl\/"},{"@type":"ListItem","position":2,"name":"Poudarki kluba"}]},{"@type":"WebSite","@id":"https:\/\/www.carinthiaconnect.at\/sl\/#website","url":"https:\/\/www.carinthiaconnect.at\/sl\/","name":"Rotary Club - Carinthia Connect","description":"","publisher":{"@id":"https:\/\/www.carinthiaconnect.at\/sl\/#organization"},"potentialAction":[{"@type":"SearchAction","target":{"@type":"EntryPoint","urlTemplate":"https:\/\/www.carinthiaconnect.at\/sl\/?s={search_term_string}"},"query-input":{"@type":"PropertyValueSpecification","valueRequired":true,"valueName":"search_term_string"}}],"inLanguage":"sl-SI"},{"@type":"Organization","@id":"https:\/\/www.carinthiaconnect.at\/sl\/#organization","name":"Rotary Club - Carinthia Connect","url":"https:\/\/www.carinthiaconnect.at\/sl\/","logo":{"@type":"ImageObject","inLanguage":"sl-SI","@id":"https:\/\/www.carinthiaconnect.at\/sl\/#\/schema\/logo\/image\/","url":"https:\/\/www.carinthiaconnect.at\/wp-content\/uploads\/2025\/11\/Rotary-Logo.webp","contentUrl":"https:\/\/www.carinthiaconnect.at\/wp-content\/uploads\/2025\/11\/Rotary-Logo.webp","width":887,"height":333,"caption":"Rotary Club - Carinthia Connect"},"image":{"@id":"https:\/\/www.carinthiaconnect.at\/sl\/#\/schema\/logo\/image\/"},"sameAs":["https:\/\/www.facebook.com\/rotaryclubcarinthiaconnect\/"]}]}},"_links":{"self":[{"href":"https:\/\/www.carinthiaconnect.at\/sl\/wp-json\/wp\/v2\/pages\/4504","targetHints":{"allow":["GET"]}}],"collection":[{"href":"https:\/\/www.carinthiaconnect.at\/sl\/wp-json\/wp\/v2\/pages"}],"about":[{"href":"https:\/\/www.carinthiaconnect.at\/sl\/wp-json\/wp\/v2\/types\/page"}],"author":[{"embeddable":true,"href":"https:\/\/www.carinthiaconnect.at\/sl\/wp-json\/wp\/v2\/users\/1"}],"replies":[{"embeddable":true,"href":"https:\/\/www.carinthiaconnect.at\/sl\/wp-json\/wp\/v2\/comments?post=4504"}],"version-history":[{"count":1,"href":"https:\/\/www.carinthiaconnect.at\/sl\/wp-json\/wp\/v2\/pages\/4504\/revisions"}],"predecessor-version":[{"id":4510,"href":"https:\/\/www.carinthiaconnect.at\/sl\/wp-json\/wp\/v2\/pages\/4504\/revisions\/4510"}],"wp:attachment":[{"href":"https:\/\/www.carinthiaconnect.at\/sl\/wp-json\/wp\/v2\/media?parent=4504"}],"curies":[{"name":"wp","href":"https:\/\/api.w.org\/{rel}","templated":true}]}}