{"id":4533,"date":"2024-11-05T14:11:01","date_gmt":"2024-11-05T14:11:01","guid":{"rendered":"https:\/\/www.carinthiaconnect.at\/donacije-pomoc-otrokom-s-posebnimi-potrebami\/"},"modified":"2025-12-19T08:36:20","modified_gmt":"2025-12-19T08:36:20","slug":"donacije-pomoc-otrokom-s-posebnimi-potrebami","status":"publish","type":"page","link":"https:\/\/www.carinthiaconnect.at\/sl\/donacije-pomoc-otrokom-s-posebnimi-potrebami\/","title":{"rendered":"Donacije \u201ePomo\u010d otrokom s posebnimi potrebami\u201c"},"content":{"rendered":"\t\t<div data-elementor-type=\"wp-page\" data-elementor-id=\"4533\" class=\"elementor elementor-4533 elementor-3352\">\n\t\t\t\t<div class=\"elementor-element elementor-element-47ed98c e-flex e-con-boxed e-con e-parent\" data-id=\"47ed98c\" data-element_type=\"container\" data-e-type=\"container\">\n\t\t\t\t\t<div class=\"e-con-inner\">\n\t\t<div class=\"elementor-element elementor-element-679b999 e-con-full e-flex e-con e-child\" data-id=\"679b999\" data-element_type=\"container\" data-e-type=\"container\">\n\t\t\t\t<div class=\"elementor-element elementor-element-d99a43f elementor-widget elementor-widget-heading\" data-id=\"d99a43f\" data-element_type=\"widget\" data-e-type=\"widget\" data-widget_type=\"heading.default\">\n\t\t\t\t<div class=\"elementor-widget-container\">\n\t\t\t\t\t<h2 class=\"elementor-heading-title elementor-size-default\">Dobrodelni projekt: <br>\u201ePomo\u010d otrokom s posebnimi potrebami\u201c<\/h2>\t\t\t\t<\/div>\n\t\t\t\t<\/div>\n\t\t\t\t<div class=\"elementor-element elementor-element-4bf223e elementor-widget elementor-widget-text-editor\" data-id=\"4bf223e\" data-element_type=\"widget\" data-e-type=\"widget\" data-widget_type=\"text-editor.default\">\n\t\t\t\t<div class=\"elementor-widget-container\">\n\t\t\t\t\t\t\t\t\tKaiserbett za avtisti\u010dnega otroka ali druga nujna nalo\u017eba za otroka s posebnimi potrebami je brez pomo\u010di pogosto nefinancirljiva.\n<h4><strong>Otroci s posebnimi potrebami\n<br>IBAN: AT78 3200 0049 1165 7699<\/strong><\/h4>\n<div>Alternativno lahko skenirate QR kodo za prenos podatkov neposredno na va\u0161o mobilno napravo.<\/div>\n<div><\/div>\n<div><strong>Kako donirati prek QR kode:<\/strong><\/div>\n<ol>\n \t<li>Odprite svojo ban\u010dno aplikacijo na pametnem telefonu.<\/li>\n \t<li>Izberite funkcijo \u201eSkeniraj QR kodo\u201c.<\/li>\n \t<li>Skenirajte spodnjo QR kodo.<\/li>\n \t<li>Podatki o ra\u010dunu za va\u0161o donacijo se samodejno prenesejo.<\/li>\n \t<li>Vnesite \u017eeleni znesek donacije in potrdite nakazilo.<\/li>\n<\/ol>\t\t\t\t\t\t\t\t<\/div>\n\t\t\t\t<\/div>\n\t\t\t\t<div class=\"elementor-element elementor-element-9ea2a37 elementor-widget elementor-widget-text-editor\" data-id=\"9ea2a37\" data-element_type=\"widget\" data-e-type=\"widget\" data-widget_type=\"text-editor.default\">\n\t\t\t\t<div class=\"elementor-widget-container\">\n\t\t\t\t\t\t\t\t\t<p><strong>Dav\u010dna olaj\u0161ava za donacije: Rotary Club Carinthia Connect je neprofitno dru\u0161tvo. Donacije na\u0161emu dru\u0161tvu so dav\u010dno priznane. <\/strong><\/p>\t\t\t\t\t\t\t\t<\/div>\n\t\t\t\t<\/div>\n\t\t\t\t<\/div>\n\t\t<div class=\"elementor-element elementor-element-c8e9c8e e-con-full e-flex e-con e-child\" data-id=\"c8e9c8e\" data-element_type=\"container\" data-e-type=\"container\">\n\t\t\t\t<div class=\"elementor-element elementor-element-681a9ca elementor-widget elementor-widget-image\" data-id=\"681a9ca\" data-element_type=\"widget\" data-e-type=\"widget\" data-widget_type=\"image.default\">\n\t\t\t\t<div class=\"elementor-widget-container\">\n\t\t\t\t\t\t\t\t\t\t\t\t\t\t\t<img fetchpriority=\"high\" decoding=\"async\" width=\"562\" height=\"582\" src=\"https:\/\/www.carinthiaconnect.at\/wp-content\/uploads\/2024\/11\/QR-Kinder-mit-Handicap-Rotary.png\" class=\"attachment-medium_large size-medium_large wp-image-4534\" alt=\"\" srcset=\"https:\/\/www.carinthiaconnect.at\/wp-content\/uploads\/2024\/11\/QR-Kinder-mit-Handicap-Rotary.png 562w, https:\/\/www.carinthiaconnect.at\/wp-content\/uploads\/2024\/11\/QR-Kinder-mit-Handicap-Rotary-290x300.png 290w\" sizes=\"(max-width: 562px) 100vw, 562px\" \/>\t\t\t\t\t\t\t\t\t\t\t\t\t\t\t<\/div>\n\t\t\t\t<\/div>\n\t\t\t\t<\/div>\n\t\t\t\t\t<\/div>\n\t\t\t\t<\/div>\n\t\t<div class=\"elementor-element elementor-element-909e1c9 e-flex e-con-boxed e-con e-parent\" data-id=\"909e1c9\" data-element_type=\"container\" data-e-type=\"container\">\n\t\t\t\t\t<div class=\"e-con-inner\">\n\t\t\t\t<div class=\"elementor-element elementor-element-2ad82b8 elementor-widget-divider--view-line_icon elementor-view-default elementor-widget-divider--element-align-center elementor-widget elementor-widget-divider\" data-id=\"2ad82b8\" data-element_type=\"widget\" data-e-type=\"widget\" data-widget_type=\"divider.default\">\n\t\t\t\t<div class=\"elementor-widget-container\">\n\t\t\t\t\t\t\t<div class=\"elementor-divider\">\n\t\t\t<span class=\"elementor-divider-separator\">\n\t\t\t\t\t\t\t<div class=\"elementor-icon elementor-divider__element\">\n\t\t\t\t\t<svg aria-hidden=\"true\" class=\"e-font-icon-svg e-fas-hands-helping\" viewBox=\"0 0 640 512\" xmlns=\"http:\/\/www.w3.org\/2000\/svg\"><path d=\"M488 192H336v56c0 39.7-32.3 72-72 72s-72-32.3-72-72V126.4l-64.9 39C107.8 176.9 96 197.8 96 220.2v47.3l-80 46.2C.7 322.5-4.6 342.1 4.3 357.4l80 138.6c8.8 15.3 28.4 20.5 43.7 11.7L231.4 448H368c35.3 0 64-28.7 64-64h16c17.7 0 32-14.3 32-32v-64h8c13.3 0 24-10.7 24-24v-48c0-13.3-10.7-24-24-24zm147.7-37.4L555.7 16C546.9.7 527.3-4.5 512 4.3L408.6 64H306.4c-12 0-23.7 3.4-33.9 9.7L239 94.6c-9.4 5.8-15 16.1-15 27.1V248c0 22.1 17.9 40 40 40s40-17.9 40-40v-88h184c30.9 0 56 25.1 56 56v28.5l80-46.2c15.3-8.9 20.5-28.4 11.7-43.7z\"><\/path><\/svg><\/div>\n\t\t\t\t\t\t<\/span>\n\t\t<\/div>\n\t\t\t\t\t\t<\/div>\n\t\t\t\t<\/div>\n\t\t\t\t\t<\/div>\n\t\t\t\t<\/div>\n\t\t\t\t<\/div>\n\t\t","protected":false},"excerpt":{"rendered":"<p>Dobrodelni projekt: \u201ePomo\u010d otrokom s posebnimi potrebami\u201c Kaiserbett za avtisti\u010dnega otroka ali druga nujna nalo\u017eba za otroka s posebnimi potrebami je brez pomo\u010di pogosto nefinancirljiva. Otroci s posebnimi potrebami IBAN: AT78 3200 0049 1165 7699 Alternativno lahko skenirate QR kodo za prenos podatkov neposredno na va\u0161o mobilno napravo. Kako donirati prek QR kode: Odprite svojo [&hellip;]<\/p>\n","protected":false},"author":1,"featured_media":0,"parent":0,"menu_order":0,"comment_status":"closed","ping_status":"closed","template":"","meta":{"site-sidebar-layout":"default","site-content-layout":"","ast-site-content-layout":"default","site-content-style":"default","site-sidebar-style":"default","ast-global-header-display":"","ast-banner-title-visibility":"","ast-main-header-display":"","ast-hfb-above-header-display":"","ast-hfb-below-header-display":"","ast-hfb-mobile-header-display":"","site-post-title":"","ast-breadcrumbs-content":"","ast-featured-img":"","footer-sml-layout":"","ast-disable-related-posts":"","theme-transparent-header-meta":"","adv-header-id-meta":"","stick-header-meta":"","header-above-stick-meta":"","header-main-stick-meta":"","header-below-stick-meta":"","astra-migrate-meta-layouts":"default","ast-page-background-enabled":"default","ast-page-background-meta":{"desktop":{"background-color":"","background-image":"","background-repeat":"repeat","background-position":"center center","background-size":"auto","background-attachment":"scroll","background-type":"","background-media":"","overlay-type":"","overlay-color":"","overlay-opacity":"","overlay-gradient":""},"tablet":{"background-color":"","background-image":"","background-repeat":"repeat","background-position":"center center","background-size":"auto","background-attachment":"scroll","background-type":"","background-media":"","overlay-type":"","overlay-color":"","overlay-opacity":"","overlay-gradient":""},"mobile":{"background-color":"","background-image":"","background-repeat":"repeat","background-position":"center center","background-size":"auto","background-attachment":"scroll","background-type":"","background-media":"","overlay-type":"","overlay-color":"","overlay-opacity":"","overlay-gradient":""}},"ast-content-background-meta":{"desktop":{"background-color":"var(--ast-global-color-5)","background-image":"","background-repeat":"repeat","background-position":"center center","background-size":"auto","background-attachment":"scroll","background-type":"","background-media":"","overlay-type":"","overlay-color":"","overlay-opacity":"","overlay-gradient":""},"tablet":{"background-color":"var(--ast-global-color-5)","background-image":"","background-repeat":"repeat","background-position":"center center","background-size":"auto","background-attachment":"scroll","background-type":"","background-media":"","overlay-type":"","overlay-color":"","overlay-opacity":"","overlay-gradient":""},"mobile":{"background-color":"var(--ast-global-color-5)","background-image":"","background-repeat":"repeat","background-position":"center center","background-size":"auto","background-attachment":"scroll","background-type":"","background-media":"","overlay-type":"","overlay-color":"","overlay-opacity":"","overlay-gradient":""}},"footnotes":""},"class_list":["post-4533","page","type-page","status-publish","hentry"],"yoast_head":"<!-- This site is optimized with the Yoast SEO plugin v26.6 - https:\/\/yoast.com\/wordpress\/plugins\/seo\/ -->\n<title>Donacije \u201ePomo\u010d otrokom s posebnimi potrebami\u201c - Rotary Club - Carinthia Connect<\/title>\n<meta name=\"robots\" content=\"index, follow, max-snippet:-1, max-image-preview:large, max-video-preview:-1\" \/>\n<link rel=\"canonical\" href=\"https:\/\/www.carinthiaconnect.at\/sl\/donacije-pomoc-otrokom-s-posebnimi-potrebami\/\" \/>\n<meta property=\"og:locale\" content=\"sl_SI\" \/>\n<meta property=\"og:type\" content=\"article\" \/>\n<meta property=\"og:title\" content=\"Donacije \u201ePomo\u010d otrokom s posebnimi potrebami\u201c - Rotary Club - Carinthia Connect\" \/>\n<meta property=\"og:description\" content=\"Dobrodelni projekt: \u201ePomo\u010d otrokom s posebnimi potrebami\u201c Kaiserbett za avtisti\u010dnega otroka ali druga nujna nalo\u017eba za otroka s posebnimi potrebami je brez pomo\u010di pogosto nefinancirljiva. Otroci s posebnimi potrebami IBAN: AT78 3200 0049 1165 7699 Alternativno lahko skenirate QR kodo za prenos podatkov neposredno na va\u0161o mobilno napravo. Kako donirati prek QR kode: Odprite svojo [&hellip;]\" \/>\n<meta property=\"og:url\" content=\"https:\/\/www.carinthiaconnect.at\/sl\/donacije-pomoc-otrokom-s-posebnimi-potrebami\/\" \/>\n<meta property=\"og:site_name\" content=\"Rotary Club - Carinthia Connect\" \/>\n<meta property=\"article:publisher\" content=\"https:\/\/www.facebook.com\/rotaryclubcarinthiaconnect\/\" \/>\n<meta property=\"article:modified_time\" content=\"2025-12-19T08:36:20+00:00\" \/>\n<meta property=\"og:image\" content=\"https:\/\/www.carinthiaconnect.at\/wp-content\/uploads\/2024\/11\/QR-Kinder-mit-Handicap-Rotary.png\" \/>\n\t<meta property=\"og:image:width\" content=\"562\" \/>\n\t<meta property=\"og:image:height\" content=\"582\" \/>\n\t<meta property=\"og:image:type\" content=\"image\/png\" \/>\n<meta name=\"twitter:card\" content=\"summary_large_image\" \/>\n<meta name=\"twitter:label1\" content=\"Est. reading time\" \/>\n\t<meta name=\"twitter:data1\" content=\"1 minuta\" \/>\n<script type=\"application\/ld+json\" class=\"yoast-schema-graph\">{\"@context\":\"https:\/\/schema.org\",\"@graph\":[{\"@type\":\"WebPage\",\"@id\":\"https:\/\/www.carinthiaconnect.at\/sl\/donacije-pomoc-otrokom-s-posebnimi-potrebami\/\",\"url\":\"https:\/\/www.carinthiaconnect.at\/sl\/donacije-pomoc-otrokom-s-posebnimi-potrebami\/\",\"name\":\"Donacije \u201ePomo\u010d otrokom s posebnimi potrebami\u201c - Rotary Club - Carinthia Connect\",\"isPartOf\":{\"@id\":\"https:\/\/www.carinthiaconnect.at\/sl\/#website\"},\"primaryImageOfPage\":{\"@id\":\"https:\/\/www.carinthiaconnect.at\/sl\/donacije-pomoc-otrokom-s-posebnimi-potrebami\/#primaryimage\"},\"image\":{\"@id\":\"https:\/\/www.carinthiaconnect.at\/sl\/donacije-pomoc-otrokom-s-posebnimi-potrebami\/#primaryimage\"},\"thumbnailUrl\":\"https:\/\/www.carinthiaconnect.at\/wp-content\/uploads\/2024\/11\/QR-Kinder-mit-Handicap-Rotary.png\",\"datePublished\":\"2024-11-05T14:11:01+00:00\",\"dateModified\":\"2025-12-19T08:36:20+00:00\",\"breadcrumb\":{\"@id\":\"https:\/\/www.carinthiaconnect.at\/sl\/donacije-pomoc-otrokom-s-posebnimi-potrebami\/#breadcrumb\"},\"inLanguage\":\"sl-SI\",\"potentialAction\":[{\"@type\":\"ReadAction\",\"target\":[\"https:\/\/www.carinthiaconnect.at\/sl\/donacije-pomoc-otrokom-s-posebnimi-potrebami\/\"]}]},{\"@type\":\"ImageObject\",\"inLanguage\":\"sl-SI\",\"@id\":\"https:\/\/www.carinthiaconnect.at\/sl\/donacije-pomoc-otrokom-s-posebnimi-potrebami\/#primaryimage\",\"url\":\"https:\/\/www.carinthiaconnect.at\/wp-content\/uploads\/2024\/11\/QR-Kinder-mit-Handicap-Rotary.png\",\"contentUrl\":\"https:\/\/www.carinthiaconnect.at\/wp-content\/uploads\/2024\/11\/QR-Kinder-mit-Handicap-Rotary.png\"},{\"@type\":\"BreadcrumbList\",\"@id\":\"https:\/\/www.carinthiaconnect.at\/sl\/donacije-pomoc-otrokom-s-posebnimi-potrebami\/#breadcrumb\",\"itemListElement\":[{\"@type\":\"ListItem\",\"position\":1,\"name\":\"Start\",\"item\":\"https:\/\/www.carinthiaconnect.at\/sl\/\"},{\"@type\":\"ListItem\",\"position\":2,\"name\":\"Donacije \u201ePomo\u010d otrokom s posebnimi potrebami\u201c\"}]},{\"@type\":\"WebSite\",\"@id\":\"https:\/\/www.carinthiaconnect.at\/sl\/#website\",\"url\":\"https:\/\/www.carinthiaconnect.at\/sl\/\",\"name\":\"Rotary Club - Carinthia Connect\",\"description\":\"\",\"publisher\":{\"@id\":\"https:\/\/www.carinthiaconnect.at\/sl\/#organization\"},\"potentialAction\":[{\"@type\":\"SearchAction\",\"target\":{\"@type\":\"EntryPoint\",\"urlTemplate\":\"https:\/\/www.carinthiaconnect.at\/sl\/?s={search_term_string}\"},\"query-input\":{\"@type\":\"PropertyValueSpecification\",\"valueRequired\":true,\"valueName\":\"search_term_string\"}}],\"inLanguage\":\"sl-SI\"},{\"@type\":\"Organization\",\"@id\":\"https:\/\/www.carinthiaconnect.at\/sl\/#organization\",\"name\":\"Rotary Club - Carinthia Connect\",\"url\":\"https:\/\/www.carinthiaconnect.at\/sl\/\",\"logo\":{\"@type\":\"ImageObject\",\"inLanguage\":\"sl-SI\",\"@id\":\"https:\/\/www.carinthiaconnect.at\/sl\/#\/schema\/logo\/image\/\",\"url\":\"https:\/\/www.carinthiaconnect.at\/wp-content\/uploads\/2025\/11\/Rotary-Logo.webp\",\"contentUrl\":\"https:\/\/www.carinthiaconnect.at\/wp-content\/uploads\/2025\/11\/Rotary-Logo.webp\",\"width\":887,\"height\":333,\"caption\":\"Rotary Club - Carinthia Connect\"},\"image\":{\"@id\":\"https:\/\/www.carinthiaconnect.at\/sl\/#\/schema\/logo\/image\/\"},\"sameAs\":[\"https:\/\/www.facebook.com\/rotaryclubcarinthiaconnect\/\"]}]}<\/script>\n<!-- \/ Yoast SEO plugin. -->","yoast_head_json":{"title":"Donacije \u201ePomo\u010d otrokom s posebnimi potrebami\u201c - Rotary Club - Carinthia Connect","robots":{"index":"index","follow":"follow","max-snippet":"max-snippet:-1","max-image-preview":"max-image-preview:large","max-video-preview":"max-video-preview:-1"},"canonical":"https:\/\/www.carinthiaconnect.at\/sl\/donacije-pomoc-otrokom-s-posebnimi-potrebami\/","og_locale":"sl_SI","og_type":"article","og_title":"Donacije \u201ePomo\u010d otrokom s posebnimi potrebami\u201c - Rotary Club - Carinthia Connect","og_description":"Dobrodelni projekt: \u201ePomo\u010d otrokom s posebnimi potrebami\u201c Kaiserbett za avtisti\u010dnega otroka ali druga nujna nalo\u017eba za otroka s posebnimi potrebami je brez pomo\u010di pogosto nefinancirljiva. Otroci s posebnimi potrebami IBAN: AT78 3200 0049 1165 7699 Alternativno lahko skenirate QR kodo za prenos podatkov neposredno na va\u0161o mobilno napravo. Kako donirati prek QR kode: Odprite svojo [&hellip;]","og_url":"https:\/\/www.carinthiaconnect.at\/sl\/donacije-pomoc-otrokom-s-posebnimi-potrebami\/","og_site_name":"Rotary Club - Carinthia Connect","article_publisher":"https:\/\/www.facebook.com\/rotaryclubcarinthiaconnect\/","article_modified_time":"2025-12-19T08:36:20+00:00","og_image":[{"width":562,"height":582,"url":"https:\/\/www.carinthiaconnect.at\/wp-content\/uploads\/2024\/11\/QR-Kinder-mit-Handicap-Rotary.png","type":"image\/png"}],"twitter_card":"summary_large_image","twitter_misc":{"Est. reading time":"1 minuta"},"schema":{"@context":"https:\/\/schema.org","@graph":[{"@type":"WebPage","@id":"https:\/\/www.carinthiaconnect.at\/sl\/donacije-pomoc-otrokom-s-posebnimi-potrebami\/","url":"https:\/\/www.carinthiaconnect.at\/sl\/donacije-pomoc-otrokom-s-posebnimi-potrebami\/","name":"Donacije \u201ePomo\u010d otrokom s posebnimi potrebami\u201c - Rotary Club - Carinthia Connect","isPartOf":{"@id":"https:\/\/www.carinthiaconnect.at\/sl\/#website"},"primaryImageOfPage":{"@id":"https:\/\/www.carinthiaconnect.at\/sl\/donacije-pomoc-otrokom-s-posebnimi-potrebami\/#primaryimage"},"image":{"@id":"https:\/\/www.carinthiaconnect.at\/sl\/donacije-pomoc-otrokom-s-posebnimi-potrebami\/#primaryimage"},"thumbnailUrl":"https:\/\/www.carinthiaconnect.at\/wp-content\/uploads\/2024\/11\/QR-Kinder-mit-Handicap-Rotary.png","datePublished":"2024-11-05T14:11:01+00:00","dateModified":"2025-12-19T08:36:20+00:00","breadcrumb":{"@id":"https:\/\/www.carinthiaconnect.at\/sl\/donacije-pomoc-otrokom-s-posebnimi-potrebami\/#breadcrumb"},"inLanguage":"sl-SI","potentialAction":[{"@type":"ReadAction","target":["https:\/\/www.carinthiaconnect.at\/sl\/donacije-pomoc-otrokom-s-posebnimi-potrebami\/"]}]},{"@type":"ImageObject","inLanguage":"sl-SI","@id":"https:\/\/www.carinthiaconnect.at\/sl\/donacije-pomoc-otrokom-s-posebnimi-potrebami\/#primaryimage","url":"https:\/\/www.carinthiaconnect.at\/wp-content\/uploads\/2024\/11\/QR-Kinder-mit-Handicap-Rotary.png","contentUrl":"https:\/\/www.carinthiaconnect.at\/wp-content\/uploads\/2024\/11\/QR-Kinder-mit-Handicap-Rotary.png"},{"@type":"BreadcrumbList","@id":"https:\/\/www.carinthiaconnect.at\/sl\/donacije-pomoc-otrokom-s-posebnimi-potrebami\/#breadcrumb","itemListElement":[{"@type":"ListItem","position":1,"name":"Start","item":"https:\/\/www.carinthiaconnect.at\/sl\/"},{"@type":"ListItem","position":2,"name":"Donacije \u201ePomo\u010d otrokom s posebnimi potrebami\u201c"}]},{"@type":"WebSite","@id":"https:\/\/www.carinthiaconnect.at\/sl\/#website","url":"https:\/\/www.carinthiaconnect.at\/sl\/","name":"Rotary Club - Carinthia Connect","description":"","publisher":{"@id":"https:\/\/www.carinthiaconnect.at\/sl\/#organization"},"potentialAction":[{"@type":"SearchAction","target":{"@type":"EntryPoint","urlTemplate":"https:\/\/www.carinthiaconnect.at\/sl\/?s={search_term_string}"},"query-input":{"@type":"PropertyValueSpecification","valueRequired":true,"valueName":"search_term_string"}}],"inLanguage":"sl-SI"},{"@type":"Organization","@id":"https:\/\/www.carinthiaconnect.at\/sl\/#organization","name":"Rotary Club - Carinthia Connect","url":"https:\/\/www.carinthiaconnect.at\/sl\/","logo":{"@type":"ImageObject","inLanguage":"sl-SI","@id":"https:\/\/www.carinthiaconnect.at\/sl\/#\/schema\/logo\/image\/","url":"https:\/\/www.carinthiaconnect.at\/wp-content\/uploads\/2025\/11\/Rotary-Logo.webp","contentUrl":"https:\/\/www.carinthiaconnect.at\/wp-content\/uploads\/2025\/11\/Rotary-Logo.webp","width":887,"height":333,"caption":"Rotary Club - Carinthia Connect"},"image":{"@id":"https:\/\/www.carinthiaconnect.at\/sl\/#\/schema\/logo\/image\/"},"sameAs":["https:\/\/www.facebook.com\/rotaryclubcarinthiaconnect\/"]}]}},"_links":{"self":[{"href":"https:\/\/www.carinthiaconnect.at\/sl\/wp-json\/wp\/v2\/pages\/4533","targetHints":{"allow":["GET"]}}],"collection":[{"href":"https:\/\/www.carinthiaconnect.at\/sl\/wp-json\/wp\/v2\/pages"}],"about":[{"href":"https:\/\/www.carinthiaconnect.at\/sl\/wp-json\/wp\/v2\/types\/page"}],"author":[{"embeddable":true,"href":"https:\/\/www.carinthiaconnect.at\/sl\/wp-json\/wp\/v2\/users\/1"}],"replies":[{"embeddable":true,"href":"https:\/\/www.carinthiaconnect.at\/sl\/wp-json\/wp\/v2\/comments?post=4533"}],"version-history":[{"count":1,"href":"https:\/\/www.carinthiaconnect.at\/sl\/wp-json\/wp\/v2\/pages\/4533\/revisions"}],"predecessor-version":[{"id":4535,"href":"https:\/\/www.carinthiaconnect.at\/sl\/wp-json\/wp\/v2\/pages\/4533\/revisions\/4535"}],"wp:attachment":[{"href":"https:\/\/www.carinthiaconnect.at\/sl\/wp-json\/wp\/v2\/media?parent=4533"}],"curies":[{"name":"wp","href":"https:\/\/api.w.org\/{rel}","templated":true}]}}