{"id":4536,"date":"2024-12-13T09:22:20","date_gmt":"2024-12-13T09:22:20","guid":{"rendered":"https:\/\/www.carinthiaconnect.at\/otroci-s-posebnimi-potrebami-elias\/"},"modified":"2025-12-19T08:36:30","modified_gmt":"2025-12-19T08:36:30","slug":"otroci-s-posebnimi-potrebami-elias","status":"publish","type":"page","link":"https:\/\/www.carinthiaconnect.at\/sl\/otroci-s-posebnimi-potrebami-elias\/","title":{"rendered":"Otroci s posebnimi potrebami \u2013 Elias"},"content":{"rendered":"\t\t<div data-elementor-type=\"wp-page\" data-elementor-id=\"4536\" class=\"elementor elementor-4536 elementor-3506\">\n\t\t\t\t<div class=\"elementor-element elementor-element-8aefbea e-flex e-con-boxed e-con e-parent\" data-id=\"8aefbea\" data-element_type=\"container\" data-e-type=\"container\">\n\t\t\t\t\t<div class=\"e-con-inner\">\n\t\t<div class=\"elementor-element elementor-element-312d564 e-con-full e-flex e-con e-child\" data-id=\"312d564\" data-element_type=\"container\" data-e-type=\"container\">\n\t\t\t\t<div class=\"elementor-element elementor-element-6e51023 elementor-widget elementor-widget-heading\" data-id=\"6e51023\" data-element_type=\"widget\" data-e-type=\"widget\" data-widget_type=\"heading.default\">\n\t\t\t\t<div class=\"elementor-widget-container\">\n\t\t\t\t\t<h1 class=\"elementor-heading-title elementor-size-default\">Dobrodelni projekt: \u201ePomo\u010d otrokom s posebnimi potrebami\u201c<\/h1>\t\t\t\t<\/div>\n\t\t\t\t<\/div>\n\t\t\t\t<div class=\"elementor-element elementor-element-29a95e6 elementor-widget elementor-widget-heading\" data-id=\"29a95e6\" data-element_type=\"widget\" data-e-type=\"widget\" data-widget_type=\"heading.default\">\n\t\t\t\t<div class=\"elementor-widget-container\">\n\t\t\t\t\t<h2 class=\"elementor-heading-title elementor-size-default\">\u201ePomagajmo uresni\u010diti \u017eelje.\u201c<\/h2>\t\t\t\t<\/div>\n\t\t\t\t<\/div>\n\t\t\t\t<div class=\"elementor-element elementor-element-aae4596 elementor-widget elementor-widget-text-editor\" data-id=\"aae4596\" data-element_type=\"widget\" data-e-type=\"widget\" data-widget_type=\"text-editor.default\">\n\t\t\t\t<div class=\"elementor-widget-container\">\n\t\t\t\t\t\t\t\t\t<p>Otro\u0161ki paliativni tim iz Celovca nas je opozoril na poseben primer <strong>Eliasa<\/strong> P., ki je v na\u0161em klubu takoj na\u0161el podporo.<\/p><p>Elias se je rodil leta 2006 v \u0160entvidu ob Glini. \u017de ob rojstvu so se pojavile velike te\u017eave za malega de\u010dka in \u017ee kmalu zatem so mu diagnosticirali <g id=\"gid_0\">Hallermann-Streiffov sindrom.<\/g><br> <g id=\"gid_1\">Hallermann-Streiffov sindrom (imenovan tudi pti\u010dja bolezen)<\/g> je redek genetski sindrom, ki ga zaznamujejo predvsem anomalije glave in obraza, kot so pti\u010dji obraz, majhna spodnja \u010deljust, izrazita oblika glave z izstopajo\u010dim \u010delom, zobne malformacije (npr. brezzobost, prirojeni zobje, pre\u0161tevilni zobje itd.). Tudi razli\u010dne o\u010desne bolezni (npr. prirojena siva mrena, majhne zrkla, hitri gibi o\u010di) in ko\u017ene vdolbine (zlasti okoli sredine obraza in nosu) ter nizka rast so posledice te bolezni.  <\/p><p><strong>Po svetu je opisanih pribli\u017eno 150 primerov.<\/strong><\/p><p><strong>Elias je moral \u017ee prestati \u0161tevilne operacije.<\/strong><\/p><p>Kljub vsem svojim telesnim te\u017eavam je Elias zelo dru\u017eaben in prijazen mladostnik. <strong>Je komunikativen, prijazen, potrpe\u017eljiv in iskren.<\/strong><\/p>\t\t\t\t\t\t\t\t<\/div>\n\t\t\t\t<\/div>\n\t\t\t\t<\/div>\n\t\t<div class=\"elementor-element elementor-element-ac57929 e-con-full e-flex e-con e-child\" data-id=\"ac57929\" data-element_type=\"container\" data-e-type=\"container\">\n\t\t\t\t<div class=\"elementor-element elementor-element-0f7e15a elementor-widget elementor-widget-image\" data-id=\"0f7e15a\" data-element_type=\"widget\" data-e-type=\"widget\" data-widget_type=\"image.default\">\n\t\t\t\t<div class=\"elementor-widget-container\">\n\t\t\t\t\t\t\t\t\t\t\t\t\t\t\t<img fetchpriority=\"high\" decoding=\"async\" width=\"757\" height=\"1010\" src=\"https:\/\/www.carinthiaconnect.at\/wp-content\/uploads\/2024\/12\/Elias.jpg\" class=\"attachment-medium_large size-medium_large wp-image-4363\" alt=\"Elias\" srcset=\"https:\/\/www.carinthiaconnect.at\/wp-content\/uploads\/2024\/12\/Elias.jpg 757w, https:\/\/www.carinthiaconnect.at\/wp-content\/uploads\/2024\/12\/Elias-225x300.jpg 225w\" sizes=\"(max-width: 757px) 100vw, 757px\" \/>\t\t\t\t\t\t\t\t\t\t\t\t\t\t\t<\/div>\n\t\t\t\t<\/div>\n\t\t\t\t<\/div>\n\t\t\t\t\t<\/div>\n\t\t\t\t<\/div>\n\t\t<div class=\"elementor-element elementor-element-634e40f e-flex e-con-boxed e-con e-parent\" data-id=\"634e40f\" data-element_type=\"container\" data-e-type=\"container\">\n\t\t\t\t\t<div class=\"e-con-inner\">\n\t\t\t\t<div class=\"elementor-element elementor-element-53ec30f elementor-widget elementor-widget-text-editor\" data-id=\"53ec30f\" data-element_type=\"widget\" data-e-type=\"widget\" data-widget_type=\"text-editor.default\">\n\t\t\t\t<div class=\"elementor-widget-container\">\n\t\t\t\t\t\t\t\t\t<p><strong>Eliasova \u017eelja<\/strong><br>Elias je vezan na invalidski vozi\u010dek in potrebuje podporo, da bi kot 19-letni mladostnik ostal <b>mobilen<\/b>. <b>Zato si iz vsega srca \u017eeli pripomo\u010dek za potiskanje invalidskega vozi\u010dka,<\/b> ki bi mu omogo\u010dal varno gibanje v vsakdanjem \u017eivljenju.<br>Ta stane pribli\u017eno <b>9.500 \u20ac, ki jih \u017eelimo kot klub zagotoviti<\/b>. Ustrezna oprema je \u017ee naro\u010dena. <\/p><p><strong>Prosimo, pomagajte nam zbrati potrebna finan\u010dna sredstva za to in darujte na:<\/strong><\/p><p><strong>Otroci s posebnimi potrebami<br>IBAN: AT78 3200 0049 1165 7699<\/strong><\/p>\t\t\t\t\t\t\t\t<\/div>\n\t\t\t\t<\/div>\n\t\t\t\t<div class=\"elementor-element elementor-element-62a2eca elementor-align-center elementor-widget elementor-widget-button\" data-id=\"62a2eca\" data-element_type=\"widget\" data-e-type=\"widget\" data-widget_type=\"button.default\">\n\t\t\t\t<div class=\"elementor-widget-container\">\n\t\t\t\t\t\t\t\t\t<div class=\"elementor-button-wrapper\">\n\t\t\t\t\t<a class=\"elementor-button elementor-button-link elementor-size-sm\" href=\"https:\/\/www.carinthiaconnect.at\/sl\/donacije-pomoc-otrokom-s-posebnimi-potrebami\/\">\n\t\t\t\t\t\t<span class=\"elementor-button-content-wrapper\">\n\t\t\t\t\t\t\t\t\t<span class=\"elementor-button-text\">Pomagajte in donirajte <\/span>\n\t\t\t\t\t<\/span>\n\t\t\t\t\t<\/a>\n\t\t\t\t<\/div>\n\t\t\t\t\t\t\t\t<\/div>\n\t\t\t\t<\/div>\n\t\t\t\t\t<\/div>\n\t\t\t\t<\/div>\n\t\t\t\t<\/div>\n\t\t","protected":false},"excerpt":{"rendered":"<p>Dobrodelni projekt: \u201ePomo\u010d otrokom s posebnimi potrebami\u201c \u201ePomagajmo uresni\u010diti \u017eelje.\u201c Otro\u0161ki paliativni tim iz Celovca nas je opozoril na poseben primer Eliasa P., ki je v na\u0161em klubu takoj na\u0161el podporo. Elias se je rodil leta 2006 v \u0160entvidu ob Glini. \u017de ob rojstvu so se pojavile velike te\u017eave za malega de\u010dka in \u017ee kmalu [&hellip;]<\/p>\n","protected":false},"author":1,"featured_media":0,"parent":0,"menu_order":0,"comment_status":"closed","ping_status":"closed","template":"","meta":{"site-sidebar-layout":"no-sidebar","site-content-layout":"page-builder","ast-site-content-layout":"full-width-container","site-content-style":"default","site-sidebar-style":"default","ast-global-header-display":"","ast-banner-title-visibility":"","ast-main-header-display":"","ast-hfb-above-header-display":"","ast-hfb-below-header-display":"","ast-hfb-mobile-header-display":"","site-post-title":"disabled","ast-breadcrumbs-content":"","ast-featured-img":"disabled","footer-sml-layout":"","ast-disable-related-posts":"","theme-transparent-header-meta":"","adv-header-id-meta":"","stick-header-meta":"","header-above-stick-meta":"","header-main-stick-meta":"","header-below-stick-meta":"","astra-migrate-meta-layouts":"default","ast-page-background-enabled":"default","ast-page-background-meta":{"desktop":{"background-color":"","background-image":"","background-repeat":"repeat","background-position":"center center","background-size":"auto","background-attachment":"scroll","background-type":"","background-media":"","overlay-type":"","overlay-color":"","overlay-opacity":"","overlay-gradient":""},"tablet":{"background-color":"","background-image":"","background-repeat":"repeat","background-position":"center center","background-size":"auto","background-attachment":"scroll","background-type":"","background-media":"","overlay-type":"","overlay-color":"","overlay-opacity":"","overlay-gradient":""},"mobile":{"background-color":"","background-image":"","background-repeat":"repeat","background-position":"center center","background-size":"auto","background-attachment":"scroll","background-type":"","background-media":"","overlay-type":"","overlay-color":"","overlay-opacity":"","overlay-gradient":""}},"ast-content-background-meta":{"desktop":{"background-color":"var(--ast-global-color-5)","background-image":"","background-repeat":"repeat","background-position":"center center","background-size":"auto","background-attachment":"scroll","background-type":"","background-media":"","overlay-type":"","overlay-color":"","overlay-opacity":"","overlay-gradient":""},"tablet":{"background-color":"var(--ast-global-color-5)","background-image":"","background-repeat":"repeat","background-position":"center center","background-size":"auto","background-attachment":"scroll","background-type":"","background-media":"","overlay-type":"","overlay-color":"","overlay-opacity":"","overlay-gradient":""},"mobile":{"background-color":"var(--ast-global-color-5)","background-image":"","background-repeat":"repeat","background-position":"center center","background-size":"auto","background-attachment":"scroll","background-type":"","background-media":"","overlay-type":"","overlay-color":"","overlay-opacity":"","overlay-gradient":""}},"footnotes":""},"class_list":["post-4536","page","type-page","status-publish","hentry"],"yoast_head":"<!-- This site is optimized with the Yoast SEO plugin v26.6 - https:\/\/yoast.com\/wordpress\/plugins\/seo\/ -->\n<title>Otroci s posebnimi potrebami \u2013 Elias - Rotary Club - Carinthia Connect<\/title>\n<meta name=\"robots\" content=\"index, follow, max-snippet:-1, max-image-preview:large, max-video-preview:-1\" \/>\n<link rel=\"canonical\" href=\"https:\/\/www.carinthiaconnect.at\/sl\/otroci-s-posebnimi-potrebami-elias\/\" \/>\n<meta property=\"og:locale\" content=\"sl_SI\" \/>\n<meta property=\"og:type\" content=\"article\" \/>\n<meta property=\"og:title\" content=\"Otroci s posebnimi potrebami \u2013 Elias - Rotary Club - Carinthia Connect\" \/>\n<meta property=\"og:description\" content=\"Dobrodelni projekt: \u201ePomo\u010d otrokom s posebnimi potrebami\u201c \u201ePomagajmo uresni\u010diti \u017eelje.\u201c Otro\u0161ki paliativni tim iz Celovca nas je opozoril na poseben primer Eliasa P., ki je v na\u0161em klubu takoj na\u0161el podporo. Elias se je rodil leta 2006 v \u0160entvidu ob Glini. \u017de ob rojstvu so se pojavile velike te\u017eave za malega de\u010dka in \u017ee kmalu [&hellip;]\" \/>\n<meta property=\"og:url\" content=\"https:\/\/www.carinthiaconnect.at\/sl\/otroci-s-posebnimi-potrebami-elias\/\" \/>\n<meta property=\"og:site_name\" content=\"Rotary Club - Carinthia Connect\" \/>\n<meta property=\"article:publisher\" content=\"https:\/\/www.facebook.com\/rotaryclubcarinthiaconnect\/\" \/>\n<meta property=\"article:modified_time\" content=\"2025-12-19T08:36:30+00:00\" \/>\n<meta property=\"og:image\" content=\"https:\/\/www.carinthiaconnect.at\/wp-content\/uploads\/2024\/12\/Elias.jpg\" \/>\n\t<meta property=\"og:image:width\" content=\"757\" \/>\n\t<meta property=\"og:image:height\" content=\"1010\" \/>\n\t<meta property=\"og:image:type\" content=\"image\/jpeg\" \/>\n<meta name=\"twitter:card\" content=\"summary_large_image\" \/>\n<meta name=\"twitter:label1\" content=\"Est. reading time\" \/>\n\t<meta name=\"twitter:data1\" content=\"1 minuta\" \/>\n<script type=\"application\/ld+json\" class=\"yoast-schema-graph\">{\"@context\":\"https:\/\/schema.org\",\"@graph\":[{\"@type\":\"WebPage\",\"@id\":\"https:\/\/www.carinthiaconnect.at\/sl\/otroci-s-posebnimi-potrebami-elias\/\",\"url\":\"https:\/\/www.carinthiaconnect.at\/sl\/otroci-s-posebnimi-potrebami-elias\/\",\"name\":\"Otroci s posebnimi potrebami \u2013 Elias - Rotary Club - Carinthia Connect\",\"isPartOf\":{\"@id\":\"https:\/\/www.carinthiaconnect.at\/sl\/#website\"},\"primaryImageOfPage\":{\"@id\":\"https:\/\/www.carinthiaconnect.at\/sl\/otroci-s-posebnimi-potrebami-elias\/#primaryimage\"},\"image\":{\"@id\":\"https:\/\/www.carinthiaconnect.at\/sl\/otroci-s-posebnimi-potrebami-elias\/#primaryimage\"},\"thumbnailUrl\":\"https:\/\/www.carinthiaconnect.at\/wp-content\/uploads\/2024\/12\/Elias.jpg\",\"datePublished\":\"2024-12-13T09:22:20+00:00\",\"dateModified\":\"2025-12-19T08:36:30+00:00\",\"breadcrumb\":{\"@id\":\"https:\/\/www.carinthiaconnect.at\/sl\/otroci-s-posebnimi-potrebami-elias\/#breadcrumb\"},\"inLanguage\":\"sl-SI\",\"potentialAction\":[{\"@type\":\"ReadAction\",\"target\":[\"https:\/\/www.carinthiaconnect.at\/sl\/otroci-s-posebnimi-potrebami-elias\/\"]}]},{\"@type\":\"ImageObject\",\"inLanguage\":\"sl-SI\",\"@id\":\"https:\/\/www.carinthiaconnect.at\/sl\/otroci-s-posebnimi-potrebami-elias\/#primaryimage\",\"url\":\"https:\/\/www.carinthiaconnect.at\/wp-content\/uploads\/2024\/12\/Elias.jpg\",\"contentUrl\":\"https:\/\/www.carinthiaconnect.at\/wp-content\/uploads\/2024\/12\/Elias.jpg\"},{\"@type\":\"BreadcrumbList\",\"@id\":\"https:\/\/www.carinthiaconnect.at\/sl\/otroci-s-posebnimi-potrebami-elias\/#breadcrumb\",\"itemListElement\":[{\"@type\":\"ListItem\",\"position\":1,\"name\":\"Start\",\"item\":\"https:\/\/www.carinthiaconnect.at\/sl\/\"},{\"@type\":\"ListItem\",\"position\":2,\"name\":\"Otroci s posebnimi potrebami \u2013 Elias\"}]},{\"@type\":\"WebSite\",\"@id\":\"https:\/\/www.carinthiaconnect.at\/sl\/#website\",\"url\":\"https:\/\/www.carinthiaconnect.at\/sl\/\",\"name\":\"Rotary Club - Carinthia Connect\",\"description\":\"\",\"publisher\":{\"@id\":\"https:\/\/www.carinthiaconnect.at\/sl\/#organization\"},\"potentialAction\":[{\"@type\":\"SearchAction\",\"target\":{\"@type\":\"EntryPoint\",\"urlTemplate\":\"https:\/\/www.carinthiaconnect.at\/sl\/?s={search_term_string}\"},\"query-input\":{\"@type\":\"PropertyValueSpecification\",\"valueRequired\":true,\"valueName\":\"search_term_string\"}}],\"inLanguage\":\"sl-SI\"},{\"@type\":\"Organization\",\"@id\":\"https:\/\/www.carinthiaconnect.at\/sl\/#organization\",\"name\":\"Rotary Club - Carinthia Connect\",\"url\":\"https:\/\/www.carinthiaconnect.at\/sl\/\",\"logo\":{\"@type\":\"ImageObject\",\"inLanguage\":\"sl-SI\",\"@id\":\"https:\/\/www.carinthiaconnect.at\/sl\/#\/schema\/logo\/image\/\",\"url\":\"https:\/\/www.carinthiaconnect.at\/wp-content\/uploads\/2025\/11\/Rotary-Logo.webp\",\"contentUrl\":\"https:\/\/www.carinthiaconnect.at\/wp-content\/uploads\/2025\/11\/Rotary-Logo.webp\",\"width\":887,\"height\":333,\"caption\":\"Rotary Club - Carinthia Connect\"},\"image\":{\"@id\":\"https:\/\/www.carinthiaconnect.at\/sl\/#\/schema\/logo\/image\/\"},\"sameAs\":[\"https:\/\/www.facebook.com\/rotaryclubcarinthiaconnect\/\"]}]}<\/script>\n<!-- \/ Yoast SEO plugin. -->","yoast_head_json":{"title":"Otroci s posebnimi potrebami \u2013 Elias - Rotary Club - Carinthia Connect","robots":{"index":"index","follow":"follow","max-snippet":"max-snippet:-1","max-image-preview":"max-image-preview:large","max-video-preview":"max-video-preview:-1"},"canonical":"https:\/\/www.carinthiaconnect.at\/sl\/otroci-s-posebnimi-potrebami-elias\/","og_locale":"sl_SI","og_type":"article","og_title":"Otroci s posebnimi potrebami \u2013 Elias - Rotary Club - Carinthia Connect","og_description":"Dobrodelni projekt: \u201ePomo\u010d otrokom s posebnimi potrebami\u201c \u201ePomagajmo uresni\u010diti \u017eelje.\u201c Otro\u0161ki paliativni tim iz Celovca nas je opozoril na poseben primer Eliasa P., ki je v na\u0161em klubu takoj na\u0161el podporo. Elias se je rodil leta 2006 v \u0160entvidu ob Glini. \u017de ob rojstvu so se pojavile velike te\u017eave za malega de\u010dka in \u017ee kmalu [&hellip;]","og_url":"https:\/\/www.carinthiaconnect.at\/sl\/otroci-s-posebnimi-potrebami-elias\/","og_site_name":"Rotary Club - Carinthia Connect","article_publisher":"https:\/\/www.facebook.com\/rotaryclubcarinthiaconnect\/","article_modified_time":"2025-12-19T08:36:30+00:00","og_image":[{"width":757,"height":1010,"url":"https:\/\/www.carinthiaconnect.at\/wp-content\/uploads\/2024\/12\/Elias.jpg","type":"image\/jpeg"}],"twitter_card":"summary_large_image","twitter_misc":{"Est. reading time":"1 minuta"},"schema":{"@context":"https:\/\/schema.org","@graph":[{"@type":"WebPage","@id":"https:\/\/www.carinthiaconnect.at\/sl\/otroci-s-posebnimi-potrebami-elias\/","url":"https:\/\/www.carinthiaconnect.at\/sl\/otroci-s-posebnimi-potrebami-elias\/","name":"Otroci s posebnimi potrebami \u2013 Elias - Rotary Club - Carinthia Connect","isPartOf":{"@id":"https:\/\/www.carinthiaconnect.at\/sl\/#website"},"primaryImageOfPage":{"@id":"https:\/\/www.carinthiaconnect.at\/sl\/otroci-s-posebnimi-potrebami-elias\/#primaryimage"},"image":{"@id":"https:\/\/www.carinthiaconnect.at\/sl\/otroci-s-posebnimi-potrebami-elias\/#primaryimage"},"thumbnailUrl":"https:\/\/www.carinthiaconnect.at\/wp-content\/uploads\/2024\/12\/Elias.jpg","datePublished":"2024-12-13T09:22:20+00:00","dateModified":"2025-12-19T08:36:30+00:00","breadcrumb":{"@id":"https:\/\/www.carinthiaconnect.at\/sl\/otroci-s-posebnimi-potrebami-elias\/#breadcrumb"},"inLanguage":"sl-SI","potentialAction":[{"@type":"ReadAction","target":["https:\/\/www.carinthiaconnect.at\/sl\/otroci-s-posebnimi-potrebami-elias\/"]}]},{"@type":"ImageObject","inLanguage":"sl-SI","@id":"https:\/\/www.carinthiaconnect.at\/sl\/otroci-s-posebnimi-potrebami-elias\/#primaryimage","url":"https:\/\/www.carinthiaconnect.at\/wp-content\/uploads\/2024\/12\/Elias.jpg","contentUrl":"https:\/\/www.carinthiaconnect.at\/wp-content\/uploads\/2024\/12\/Elias.jpg"},{"@type":"BreadcrumbList","@id":"https:\/\/www.carinthiaconnect.at\/sl\/otroci-s-posebnimi-potrebami-elias\/#breadcrumb","itemListElement":[{"@type":"ListItem","position":1,"name":"Start","item":"https:\/\/www.carinthiaconnect.at\/sl\/"},{"@type":"ListItem","position":2,"name":"Otroci s posebnimi potrebami \u2013 Elias"}]},{"@type":"WebSite","@id":"https:\/\/www.carinthiaconnect.at\/sl\/#website","url":"https:\/\/www.carinthiaconnect.at\/sl\/","name":"Rotary Club - Carinthia Connect","description":"","publisher":{"@id":"https:\/\/www.carinthiaconnect.at\/sl\/#organization"},"potentialAction":[{"@type":"SearchAction","target":{"@type":"EntryPoint","urlTemplate":"https:\/\/www.carinthiaconnect.at\/sl\/?s={search_term_string}"},"query-input":{"@type":"PropertyValueSpecification","valueRequired":true,"valueName":"search_term_string"}}],"inLanguage":"sl-SI"},{"@type":"Organization","@id":"https:\/\/www.carinthiaconnect.at\/sl\/#organization","name":"Rotary Club - Carinthia Connect","url":"https:\/\/www.carinthiaconnect.at\/sl\/","logo":{"@type":"ImageObject","inLanguage":"sl-SI","@id":"https:\/\/www.carinthiaconnect.at\/sl\/#\/schema\/logo\/image\/","url":"https:\/\/www.carinthiaconnect.at\/wp-content\/uploads\/2025\/11\/Rotary-Logo.webp","contentUrl":"https:\/\/www.carinthiaconnect.at\/wp-content\/uploads\/2025\/11\/Rotary-Logo.webp","width":887,"height":333,"caption":"Rotary Club - Carinthia Connect"},"image":{"@id":"https:\/\/www.carinthiaconnect.at\/sl\/#\/schema\/logo\/image\/"},"sameAs":["https:\/\/www.facebook.com\/rotaryclubcarinthiaconnect\/"]}]}},"_links":{"self":[{"href":"https:\/\/www.carinthiaconnect.at\/sl\/wp-json\/wp\/v2\/pages\/4536","targetHints":{"allow":["GET"]}}],"collection":[{"href":"https:\/\/www.carinthiaconnect.at\/sl\/wp-json\/wp\/v2\/pages"}],"about":[{"href":"https:\/\/www.carinthiaconnect.at\/sl\/wp-json\/wp\/v2\/types\/page"}],"author":[{"embeddable":true,"href":"https:\/\/www.carinthiaconnect.at\/sl\/wp-json\/wp\/v2\/users\/1"}],"replies":[{"embeddable":true,"href":"https:\/\/www.carinthiaconnect.at\/sl\/wp-json\/wp\/v2\/comments?post=4536"}],"version-history":[{"count":1,"href":"https:\/\/www.carinthiaconnect.at\/sl\/wp-json\/wp\/v2\/pages\/4536\/revisions"}],"predecessor-version":[{"id":4537,"href":"https:\/\/www.carinthiaconnect.at\/sl\/wp-json\/wp\/v2\/pages\/4536\/revisions\/4537"}],"wp:attachment":[{"href":"https:\/\/www.carinthiaconnect.at\/sl\/wp-json\/wp\/v2\/media?parent=4536"}],"curies":[{"name":"wp","href":"https:\/\/api.w.org\/{rel}","templated":true}]}}